{"id":1945,"date":"2022-09-14T13:40:54","date_gmt":"2022-09-14T11:40:54","guid":{"rendered":"https:\/\/new.claireambiance.com\/?post_type=product&#038;p=1945"},"modified":"2023-02-08T21:43:44","modified_gmt":"2023-02-08T20:43:44","slug":"mange-debout-x2-by-slide","status":"publish","type":"product","link":"https:\/\/claireambiance.com\/en\/produit\/mange-debout-x2-by-slide\/","title":{"rendered":"MANGE DEBOUT X2"},"content":{"rendered":"","protected":false},"excerpt":{"rendered":"<p>X2 est une table lumineuse con\u00e7ue principalement pour le monde des professionnels, id\u00e9ale pour les environnements int\u00e9rieurs et ext\u00e9rieurs.<\/p>\n","protected":false},"featured_media":9471,"template":"","meta":{"_acf_changed":false,"_et_pb_use_builder":"","_et_pb_old_content":"","_et_gb_content_width":"","_monsterinsights_skip_tracking":false,"_monsterinsights_sitenote_active":false,"_monsterinsights_sitenote_note":"","_monsterinsights_sitenote_category":0},"product_brand":[],"product_cat":[141,188,135],"product_tag":[208],"class_list":{"0":"post-1945","1":"product","2":"type-product","3":"status-publish","4":"has-post-thumbnail","6":"product_cat-mange-debout","7":"product_cat-objets-lumineux","8":"product_cat-table","9":"product_tag-slide-studio","11":"first","12":"instock","13":"shipping-taxable","14":"purchasable","15":"product-type-variable"},"acf":[],"aioseo_notices":[],"_links":{"self":[{"href":"https:\/\/claireambiance.com\/en\/wp-json\/wp\/v2\/product\/1945","targetHints":{"allow":["GET"]}}],"collection":[{"href":"https:\/\/claireambiance.com\/en\/wp-json\/wp\/v2\/product"}],"about":[{"href":"https:\/\/claireambiance.com\/en\/wp-json\/wp\/v2\/types\/product"}],"wp:featuredmedia":[{"embeddable":true,"href":"https:\/\/claireambiance.com\/en\/wp-json\/wp\/v2\/media\/9471"}],"wp:attachment":[{"href":"https:\/\/claireambiance.com\/en\/wp-json\/wp\/v2\/media?parent=1945"}],"wp:term":[{"taxonomy":"product_brand","embeddable":true,"href":"https:\/\/claireambiance.com\/en\/wp-json\/wp\/v2\/product_brand?post=1945"},{"taxonomy":"product_cat","embeddable":true,"href":"https:\/\/claireambiance.com\/en\/wp-json\/wp\/v2\/product_cat?post=1945"},{"taxonomy":"product_tag","embeddable":true,"href":"https:\/\/claireambiance.com\/en\/wp-json\/wp\/v2\/product_tag?post=1945"}],"curies":[{"name":"wp","href":"https:\/\/api.w.org\/{rel}","templated":true}]}}