{"id":1963,"date":"2022-09-14T13:40:55","date_gmt":"2022-09-14T11:40:55","guid":{"rendered":"https:\/\/new.claireambiance.com\/?post_type=product&#038;p=1963"},"modified":"2023-02-10T21:27:18","modified_gmt":"2023-02-10T20:27:18","slug":"ico-by-sudiopang","status":"publish","type":"product","link":"https:\/\/claireambiance.com\/en\/produit\/ico-by-sudiopang\/","title":{"rendered":"SUSPENSION ICO"},"content":{"rendered":"","protected":false},"excerpt":{"rendered":"<p>Le style ludique et irr\u00e9v\u00e9rencieux des designers de StudioPang se fond avec le mat\u00e9riau typique de la production SLIDE, donnant vie \u00e0 une lampe \u00e0 suspension jeune, amusante et lin\u00e9aire.<\/p>\n","protected":false},"featured_media":1802,"template":"","meta":{"_acf_changed":false,"_et_pb_use_builder":"","_et_pb_old_content":"","_et_gb_content_width":"","_monsterinsights_skip_tracking":false,"_monsterinsights_sitenote_active":false,"_monsterinsights_sitenote_note":"","_monsterinsights_sitenote_category":0},"product_brand":[],"product_cat":[140,24],"product_tag":[208],"class_list":{"0":"post-1963","1":"product","2":"type-product","3":"status-publish","4":"has-post-thumbnail","6":"product_cat-luminaires","7":"product_cat-suspensions","8":"product_tag-slide-studio","10":"first","11":"instock","12":"shipping-taxable","13":"purchasable","14":"product-type-variable"},"acf":[],"aioseo_notices":[],"_links":{"self":[{"href":"https:\/\/claireambiance.com\/en\/wp-json\/wp\/v2\/product\/1963","targetHints":{"allow":["GET"]}}],"collection":[{"href":"https:\/\/claireambiance.com\/en\/wp-json\/wp\/v2\/product"}],"about":[{"href":"https:\/\/claireambiance.com\/en\/wp-json\/wp\/v2\/types\/product"}],"wp:featuredmedia":[{"embeddable":true,"href":"https:\/\/claireambiance.com\/en\/wp-json\/wp\/v2\/media\/1802"}],"wp:attachment":[{"href":"https:\/\/claireambiance.com\/en\/wp-json\/wp\/v2\/media?parent=1963"}],"wp:term":[{"taxonomy":"product_brand","embeddable":true,"href":"https:\/\/claireambiance.com\/en\/wp-json\/wp\/v2\/product_brand?post=1963"},{"taxonomy":"product_cat","embeddable":true,"href":"https:\/\/claireambiance.com\/en\/wp-json\/wp\/v2\/product_cat?post=1963"},{"taxonomy":"product_tag","embeddable":true,"href":"https:\/\/claireambiance.com\/en\/wp-json\/wp\/v2\/product_tag?post=1963"}],"curies":[{"name":"wp","href":"https:\/\/api.w.org\/{rel}","templated":true}]}}