{"id":1988,"date":"2022-09-14T13:41:00","date_gmt":"2022-09-14T11:41:00","guid":{"rendered":"https:\/\/new.claireambiance.com\/?post_type=product&#038;p=1988"},"modified":"2023-02-10T16:18:21","modified_gmt":"2023-02-10T15:18:21","slug":"big-pouf-flottant","status":"publish","type":"product","link":"https:\/\/claireambiance.com\/en\/produit\/big-pouf-flottant\/","title":{"rendered":"BIG POUF FLOTTANT"},"content":{"rendered":"","protected":false},"excerpt":{"rendered":"<p>Les\u00a0<em>poufs<\/em>\u00a0coussins g\u00e9ants pour\u00a0<em>piscine<\/em>\u00a0ont un grand succ\u00e8s, car ils flottent et s\u00e8chent tr\u00e8s bien, un must have !<\/p>\n","protected":false},"featured_media":8310,"template":"","meta":{"_acf_changed":false,"_et_pb_use_builder":"","_et_pb_old_content":"","_et_gb_content_width":"","_monsterinsights_skip_tracking":false,"_monsterinsights_sitenote_active":false,"_monsterinsights_sitenote_note":"","_monsterinsights_sitenote_category":0},"product_brand":[],"product_cat":[59,205],"product_tag":[],"class_list":{"0":"post-1988","1":"product","2":"type-product","3":"status-publish","4":"has-post-thumbnail","6":"product_cat-assise","7":"product_cat-poufs","9":"first","10":"instock","11":"shipping-taxable","12":"purchasable","13":"product-type-variable"},"acf":[],"aioseo_notices":[],"_links":{"self":[{"href":"https:\/\/claireambiance.com\/en\/wp-json\/wp\/v2\/product\/1988","targetHints":{"allow":["GET"]}}],"collection":[{"href":"https:\/\/claireambiance.com\/en\/wp-json\/wp\/v2\/product"}],"about":[{"href":"https:\/\/claireambiance.com\/en\/wp-json\/wp\/v2\/types\/product"}],"wp:featuredmedia":[{"embeddable":true,"href":"https:\/\/claireambiance.com\/en\/wp-json\/wp\/v2\/media\/8310"}],"wp:attachment":[{"href":"https:\/\/claireambiance.com\/en\/wp-json\/wp\/v2\/media?parent=1988"}],"wp:term":[{"taxonomy":"product_brand","embeddable":true,"href":"https:\/\/claireambiance.com\/en\/wp-json\/wp\/v2\/product_brand?post=1988"},{"taxonomy":"product_cat","embeddable":true,"href":"https:\/\/claireambiance.com\/en\/wp-json\/wp\/v2\/product_cat?post=1988"},{"taxonomy":"product_tag","embeddable":true,"href":"https:\/\/claireambiance.com\/en\/wp-json\/wp\/v2\/product_tag?post=1988"}],"curies":[{"name":"wp","href":"https:\/\/api.w.org\/{rel}","templated":true}]}}