{"id":2001,"date":"2022-09-14T13:41:01","date_gmt":"2022-09-14T11:41:01","guid":{"rendered":"https:\/\/new.claireambiance.com\/?post_type=product&#038;p=2001"},"modified":"2023-03-01T23:46:15","modified_gmt":"2023-03-01T22:46:15","slug":"bed-de-plage-piscine","status":"publish","type":"product","link":"https:\/\/claireambiance.com\/en\/produit\/bed-de-plage-piscine\/","title":{"rendered":"BED DE PLAGE \/ PISCINE"},"content":{"rendered":"","protected":false},"excerpt":{"rendered":"<p>Originalit\u00e9 et design pour ce matelas de plage avec t\u00eati\u00e8re int\u00e9gr\u00e9e et 2 poign\u00e9es sur le c\u00f4t\u00e9 pour une utilisation plus facile&#8230;\u00a0 Vous pouvez laissez votre matelas \u00e0 m\u00eame le sol ou sur le sable ! Une place ou 2 places, \u00e0 20cm jusqu&#8217;\u00e0 40cm du sol.<\/p>\n","protected":false},"featured_media":12294,"template":"","meta":{"_acf_changed":false,"_et_pb_use_builder":"","_et_pb_old_content":"","_et_gb_content_width":"","_monsterinsights_skip_tracking":false,"_monsterinsights_sitenote_active":false,"_monsterinsights_sitenote_note":"","_monsterinsights_sitenote_category":0},"product_brand":[],"product_cat":[88],"product_tag":[],"class_list":{"0":"post-2001","1":"product","2":"type-product","3":"status-publish","4":"has-post-thumbnail","6":"product_cat-daybed-bain-de-soleil","8":"first","9":"instock","10":"shipping-taxable","11":"purchasable","12":"product-type-variable"},"acf":[],"aioseo_notices":[],"_links":{"self":[{"href":"https:\/\/claireambiance.com\/en\/wp-json\/wp\/v2\/product\/2001","targetHints":{"allow":["GET"]}}],"collection":[{"href":"https:\/\/claireambiance.com\/en\/wp-json\/wp\/v2\/product"}],"about":[{"href":"https:\/\/claireambiance.com\/en\/wp-json\/wp\/v2\/types\/product"}],"wp:featuredmedia":[{"embeddable":true,"href":"https:\/\/claireambiance.com\/en\/wp-json\/wp\/v2\/media\/12294"}],"wp:attachment":[{"href":"https:\/\/claireambiance.com\/en\/wp-json\/wp\/v2\/media?parent=2001"}],"wp:term":[{"taxonomy":"product_brand","embeddable":true,"href":"https:\/\/claireambiance.com\/en\/wp-json\/wp\/v2\/product_brand?post=2001"},{"taxonomy":"product_cat","embeddable":true,"href":"https:\/\/claireambiance.com\/en\/wp-json\/wp\/v2\/product_cat?post=2001"},{"taxonomy":"product_tag","embeddable":true,"href":"https:\/\/claireambiance.com\/en\/wp-json\/wp\/v2\/product_tag?post=2001"}],"curies":[{"name":"wp","href":"https:\/\/api.w.org\/{rel}","templated":true}]}}