{"id":2067,"date":"2022-09-14T13:41:16","date_gmt":"2022-09-14T11:41:16","guid":{"rendered":"https:\/\/new.claireambiance.com\/?post_type=product&#038;p=2067"},"modified":"2023-03-02T00:16:42","modified_gmt":"2023-03-01T23:16:42","slug":"transat-marieta","status":"publish","type":"product","link":"https:\/\/claireambiance.com\/en\/produit\/transat-marieta\/","title":{"rendered":"TRANSAT EMPILABLE MARIETA"},"content":{"rendered":"","protected":false},"excerpt":{"rendered":"<p>Chaise longue empilable pour piscines. Id\u00e9ale pour les h\u00f4tels, les g\u00eetes o\u00f9 des chaises longues sont \u00e0 empiler souvent.<\/p>\n","protected":false},"featured_media":12339,"template":"","meta":{"_acf_changed":false,"_et_pb_use_builder":"","_et_pb_old_content":"","_et_gb_content_width":"","_monsterinsights_skip_tracking":false,"_monsterinsights_sitenote_active":false,"_monsterinsights_sitenote_note":"","_monsterinsights_sitenote_category":0},"product_brand":[],"product_cat":[88],"product_tag":[213],"class_list":{"0":"post-2067","1":"product","2":"type-product","3":"status-publish","4":"has-post-thumbnail","6":"product_cat-daybed-bain-de-soleil","7":"product_tag-vlaemynck","9":"first","10":"instock","11":"featured","12":"shipping-taxable","13":"purchasable","14":"product-type-variable"},"acf":[],"aioseo_notices":[],"_links":{"self":[{"href":"https:\/\/claireambiance.com\/en\/wp-json\/wp\/v2\/product\/2067","targetHints":{"allow":["GET"]}}],"collection":[{"href":"https:\/\/claireambiance.com\/en\/wp-json\/wp\/v2\/product"}],"about":[{"href":"https:\/\/claireambiance.com\/en\/wp-json\/wp\/v2\/types\/product"}],"wp:featuredmedia":[{"embeddable":true,"href":"https:\/\/claireambiance.com\/en\/wp-json\/wp\/v2\/media\/12339"}],"wp:attachment":[{"href":"https:\/\/claireambiance.com\/en\/wp-json\/wp\/v2\/media?parent=2067"}],"wp:term":[{"taxonomy":"product_brand","embeddable":true,"href":"https:\/\/claireambiance.com\/en\/wp-json\/wp\/v2\/product_brand?post=2067"},{"taxonomy":"product_cat","embeddable":true,"href":"https:\/\/claireambiance.com\/en\/wp-json\/wp\/v2\/product_cat?post=2067"},{"taxonomy":"product_tag","embeddable":true,"href":"https:\/\/claireambiance.com\/en\/wp-json\/wp\/v2\/product_tag?post=2067"}],"curies":[{"name":"wp","href":"https:\/\/api.w.org\/{rel}","templated":true}]}}