{"id":2123,"date":"2022-09-14T13:41:26","date_gmt":"2022-09-14T11:41:26","guid":{"rendered":"https:\/\/new.claireambiance.com\/?post_type=product&#038;p=2123"},"modified":"2023-02-10T21:03:14","modified_gmt":"2023-02-10T20:03:14","slug":"suspension-brass-grand-modele-by-gervasoni","status":"publish","type":"product","link":"https:\/\/claireambiance.com\/en\/produit\/suspension-brass-grand-modele-by-gervasoni\/","title":{"rendered":"SUSPENSION BRASS GRAND MOD\u00c8LE- GERVASONI"},"content":{"rendered":"","protected":false},"excerpt":{"rendered":"<p>D&#8217;une originalit\u00e9 propre \u00e0 la botte italienne, ce luminaire joue avec la g\u00e9om\u00e9trie conventionnelle pour donner une impression d&#8217;infini.<\/p>\n","protected":false},"featured_media":2163,"template":"","meta":{"_acf_changed":false,"_et_pb_use_builder":"","_et_pb_old_content":"","_et_gb_content_width":"","_monsterinsights_skip_tracking":false,"_monsterinsights_sitenote_active":false,"_monsterinsights_sitenote_note":"","_monsterinsights_sitenote_category":0},"product_brand":[],"product_cat":[140,24],"product_tag":[159],"class_list":{"0":"post-2123","1":"product","2":"type-product","3":"status-publish","4":"has-post-thumbnail","6":"product_cat-luminaires","7":"product_cat-suspensions","8":"product_tag-gervasoni","10":"first","11":"instock","12":"shipping-taxable","13":"purchasable","14":"product-type-simple"},"acf":[],"aioseo_notices":[],"_links":{"self":[{"href":"https:\/\/claireambiance.com\/en\/wp-json\/wp\/v2\/product\/2123","targetHints":{"allow":["GET"]}}],"collection":[{"href":"https:\/\/claireambiance.com\/en\/wp-json\/wp\/v2\/product"}],"about":[{"href":"https:\/\/claireambiance.com\/en\/wp-json\/wp\/v2\/types\/product"}],"wp:featuredmedia":[{"embeddable":true,"href":"https:\/\/claireambiance.com\/en\/wp-json\/wp\/v2\/media\/2163"}],"wp:attachment":[{"href":"https:\/\/claireambiance.com\/en\/wp-json\/wp\/v2\/media?parent=2123"}],"wp:term":[{"taxonomy":"product_brand","embeddable":true,"href":"https:\/\/claireambiance.com\/en\/wp-json\/wp\/v2\/product_brand?post=2123"},{"taxonomy":"product_cat","embeddable":true,"href":"https:\/\/claireambiance.com\/en\/wp-json\/wp\/v2\/product_cat?post=2123"},{"taxonomy":"product_tag","embeddable":true,"href":"https:\/\/claireambiance.com\/en\/wp-json\/wp\/v2\/product_tag?post=2123"}],"curies":[{"name":"wp","href":"https:\/\/api.w.org\/{rel}","templated":true}]}}