{"id":2142,"date":"2022-09-14T13:41:27","date_gmt":"2022-09-14T11:41:27","guid":{"rendered":"https:\/\/new.claireambiance.com\/?post_type=product&#038;p=2142"},"modified":"2023-02-08T21:26:31","modified_gmt":"2023-02-08T20:26:31","slug":"feathers-touareg-menthe-jasmin-musc","status":"publish","type":"product","link":"https:\/\/claireambiance.com\/en\/produit\/feathers-touareg-menthe-jasmin-musc\/","title":{"rendered":"BOUGIE FEATHERS TOUAREG &#8211; MENTHE JASMIN MUSC"},"content":{"rendered":"","protected":false},"excerpt":{"rendered":"<p>L\u2019\u00e9l\u00e9gance des habits majestueux des Touaregs se retrouve dans le verre parsem\u00e9 de bleu de la bougie parfum\u00e9e Feathers Touareg.<\/p>\n","protected":false},"featured_media":2198,"template":"","meta":{"_acf_changed":false,"_et_pb_use_builder":"","_et_pb_old_content":"","_et_gb_content_width":"","_monsterinsights_skip_tracking":false,"_monsterinsights_sitenote_active":false,"_monsterinsights_sitenote_note":"","_monsterinsights_sitenote_category":0},"product_brand":[],"product_cat":[190,163],"product_tag":[203],"class_list":{"0":"post-2142","1":"product","2":"type-product","3":"status-publish","4":"has-post-thumbnail","6":"product_cat-accessoires-decorations","7":"product_cat-bougies","8":"product_tag-baobab-collection","10":"first","11":"instock","12":"shipping-taxable","13":"purchasable","14":"product-type-variable"},"acf":[],"aioseo_notices":[],"_links":{"self":[{"href":"https:\/\/claireambiance.com\/en\/wp-json\/wp\/v2\/product\/2142","targetHints":{"allow":["GET"]}}],"collection":[{"href":"https:\/\/claireambiance.com\/en\/wp-json\/wp\/v2\/product"}],"about":[{"href":"https:\/\/claireambiance.com\/en\/wp-json\/wp\/v2\/types\/product"}],"wp:featuredmedia":[{"embeddable":true,"href":"https:\/\/claireambiance.com\/en\/wp-json\/wp\/v2\/media\/2198"}],"wp:attachment":[{"href":"https:\/\/claireambiance.com\/en\/wp-json\/wp\/v2\/media?parent=2142"}],"wp:term":[{"taxonomy":"product_brand","embeddable":true,"href":"https:\/\/claireambiance.com\/en\/wp-json\/wp\/v2\/product_brand?post=2142"},{"taxonomy":"product_cat","embeddable":true,"href":"https:\/\/claireambiance.com\/en\/wp-json\/wp\/v2\/product_cat?post=2142"},{"taxonomy":"product_tag","embeddable":true,"href":"https:\/\/claireambiance.com\/en\/wp-json\/wp\/v2\/product_tag?post=2142"}],"curies":[{"name":"wp","href":"https:\/\/api.w.org\/{rel}","templated":true}]}}