{"id":2208,"date":"2022-09-14T13:41:45","date_gmt":"2022-09-14T11:41:45","guid":{"rendered":"https:\/\/new.claireambiance.com\/?post_type=product&#038;p=2208"},"modified":"2023-02-15T20:02:31","modified_gmt":"2023-02-15T19:02:31","slug":"sofa-loop","status":"publish","type":"product","link":"https:\/\/claireambiance.com\/en\/produit\/sofa-loop\/","title":{"rendered":"SOFA LOOP"},"content":{"rendered":"","protected":false},"excerpt":{"rendered":"<p>Le canap\u00e9 Loop est un canap\u00e9 deux places l\u00e9ger et contemporain, disponible en Noir, Taupe, et Beige\/Stone.<\/p>\n","protected":false},"featured_media":10895,"template":"","meta":{"_acf_changed":false,"_et_pb_use_builder":"","_et_pb_old_content":"","_et_gb_content_width":"","_monsterinsights_skip_tracking":false,"_monsterinsights_sitenote_active":false,"_monsterinsights_sitenote_note":"","_monsterinsights_sitenote_category":0},"product_brand":[],"product_cat":[175,38],"product_tag":[156],"class_list":{"0":"post-2208","1":"product","2":"type-product","3":"status-publish","4":"has-post-thumbnail","6":"product_cat-luxe","7":"product_cat-salons-exterieur","8":"product_tag-vincent-sheppard","10":"first","11":"instock","12":"shipping-taxable","13":"purchasable","14":"product-type-variable"},"acf":[],"aioseo_notices":[],"_links":{"self":[{"href":"https:\/\/claireambiance.com\/en\/wp-json\/wp\/v2\/product\/2208","targetHints":{"allow":["GET"]}}],"collection":[{"href":"https:\/\/claireambiance.com\/en\/wp-json\/wp\/v2\/product"}],"about":[{"href":"https:\/\/claireambiance.com\/en\/wp-json\/wp\/v2\/types\/product"}],"wp:featuredmedia":[{"embeddable":true,"href":"https:\/\/claireambiance.com\/en\/wp-json\/wp\/v2\/media\/10895"}],"wp:attachment":[{"href":"https:\/\/claireambiance.com\/en\/wp-json\/wp\/v2\/media?parent=2208"}],"wp:term":[{"taxonomy":"product_brand","embeddable":true,"href":"https:\/\/claireambiance.com\/en\/wp-json\/wp\/v2\/product_brand?post=2208"},{"taxonomy":"product_cat","embeddable":true,"href":"https:\/\/claireambiance.com\/en\/wp-json\/wp\/v2\/product_cat?post=2208"},{"taxonomy":"product_tag","embeddable":true,"href":"https:\/\/claireambiance.com\/en\/wp-json\/wp\/v2\/product_tag?post=2208"}],"curies":[{"name":"wp","href":"https:\/\/api.w.org\/{rel}","templated":true}]}}