{"id":2222,"date":"2022-09-14T13:41:46","date_gmt":"2022-09-14T11:41:46","guid":{"rendered":"https:\/\/new.claireambiance.com\/?post_type=product&#038;p=2222"},"modified":"2023-03-01T22:21:03","modified_gmt":"2023-03-01T21:21:03","slug":"bain-de-soleil-love","status":"publish","type":"product","link":"https:\/\/claireambiance.com\/en\/produit\/bain-de-soleil-love\/","title":{"rendered":"BAIN DE SOLEIL IBIZA"},"content":{"rendered":"","protected":false},"excerpt":{"rendered":"<p>Cette chaise longue ondul\u00e9e design et \u00e9l\u00e9gante sublimera les abords de votre terrasse ou piscine.<\/p>\n","protected":false},"featured_media":2244,"template":"","meta":{"_acf_changed":false,"_et_pb_use_builder":"","_et_pb_old_content":"","_et_gb_content_width":"","_monsterinsights_skip_tracking":false,"_monsterinsights_sitenote_active":false,"_monsterinsights_sitenote_note":"","_monsterinsights_sitenote_category":0},"product_brand":[],"product_cat":[88],"product_tag":[105],"class_list":{"0":"post-2222","1":"product","2":"type-product","3":"status-publish","4":"has-post-thumbnail","6":"product_cat-daybed-bain-de-soleil","7":"product_tag-vondom","9":"first","10":"instock","11":"shipping-taxable","12":"purchasable","13":"product-type-variable"},"acf":[],"aioseo_notices":[],"_links":{"self":[{"href":"https:\/\/claireambiance.com\/en\/wp-json\/wp\/v2\/product\/2222","targetHints":{"allow":["GET"]}}],"collection":[{"href":"https:\/\/claireambiance.com\/en\/wp-json\/wp\/v2\/product"}],"about":[{"href":"https:\/\/claireambiance.com\/en\/wp-json\/wp\/v2\/types\/product"}],"wp:featuredmedia":[{"embeddable":true,"href":"https:\/\/claireambiance.com\/en\/wp-json\/wp\/v2\/media\/2244"}],"wp:attachment":[{"href":"https:\/\/claireambiance.com\/en\/wp-json\/wp\/v2\/media?parent=2222"}],"wp:term":[{"taxonomy":"product_brand","embeddable":true,"href":"https:\/\/claireambiance.com\/en\/wp-json\/wp\/v2\/product_brand?post=2222"},{"taxonomy":"product_cat","embeddable":true,"href":"https:\/\/claireambiance.com\/en\/wp-json\/wp\/v2\/product_cat?post=2222"},{"taxonomy":"product_tag","embeddable":true,"href":"https:\/\/claireambiance.com\/en\/wp-json\/wp\/v2\/product_tag?post=2222"}],"curies":[{"name":"wp","href":"https:\/\/api.w.org\/{rel}","templated":true}]}}