{"id":2255,"date":"2022-09-14T13:41:57","date_gmt":"2022-09-14T11:41:57","guid":{"rendered":"https:\/\/new.claireambiance.com\/?post_type=product&#038;p=2255"},"modified":"2023-02-15T20:59:22","modified_gmt":"2023-02-15T19:59:22","slug":"salon-modulable-chill","status":"publish","type":"product","link":"https:\/\/claireambiance.com\/en\/produit\/salon-modulable-chill\/","title":{"rendered":"SALON D&#8217;EXT\u00c9RIEUR MODULABLE CHILL"},"content":{"rendered":"","protected":false},"excerpt":{"rendered":"<p>Ce salon d&#8217;ext\u00e9rieur, con\u00e7u par Ram\u00f3n Esteve s\u2019inspire des petits \u00e9l\u00e9ments de couleur qui forment une image, cherchant \u00e0 lier la pi\u00e8ce \u00e0 la multitude de r\u00e9sultats possibles g\u00e9n\u00e9r\u00e9s en fonction de leur disposition.<\/p>\n","protected":false},"featured_media":2283,"template":"","meta":{"_acf_changed":false,"_et_pb_use_builder":"","_et_pb_old_content":"","_et_gb_content_width":"","_monsterinsights_skip_tracking":false,"_monsterinsights_sitenote_active":false,"_monsterinsights_sitenote_note":"","_monsterinsights_sitenote_category":0},"product_brand":[],"product_cat":[175,38],"product_tag":[105],"class_list":{"0":"post-2255","1":"product","2":"type-product","3":"status-publish","4":"has-post-thumbnail","6":"product_cat-luxe","7":"product_cat-salons-exterieur","8":"product_tag-vondom","10":"first","11":"instock","12":"shipping-taxable","13":"purchasable","14":"product-type-variable"},"acf":[],"aioseo_notices":[],"_links":{"self":[{"href":"https:\/\/claireambiance.com\/en\/wp-json\/wp\/v2\/product\/2255","targetHints":{"allow":["GET"]}}],"collection":[{"href":"https:\/\/claireambiance.com\/en\/wp-json\/wp\/v2\/product"}],"about":[{"href":"https:\/\/claireambiance.com\/en\/wp-json\/wp\/v2\/types\/product"}],"wp:featuredmedia":[{"embeddable":true,"href":"https:\/\/claireambiance.com\/en\/wp-json\/wp\/v2\/media\/2283"}],"wp:attachment":[{"href":"https:\/\/claireambiance.com\/en\/wp-json\/wp\/v2\/media?parent=2255"}],"wp:term":[{"taxonomy":"product_brand","embeddable":true,"href":"https:\/\/claireambiance.com\/en\/wp-json\/wp\/v2\/product_brand?post=2255"},{"taxonomy":"product_cat","embeddable":true,"href":"https:\/\/claireambiance.com\/en\/wp-json\/wp\/v2\/product_cat?post=2255"},{"taxonomy":"product_tag","embeddable":true,"href":"https:\/\/claireambiance.com\/en\/wp-json\/wp\/v2\/product_tag?post=2255"}],"curies":[{"name":"wp","href":"https:\/\/api.w.org\/{rel}","templated":true}]}}