{"id":2292,"date":"2022-09-14T13:42:02","date_gmt":"2022-09-14T11:42:02","guid":{"rendered":"https:\/\/new.claireambiance.com\/?post_type=product&#038;p=2292"},"modified":"2023-02-15T14:28:24","modified_gmt":"2023-02-15T13:28:24","slug":"suspension-volupsa","status":"publish","type":"product","link":"https:\/\/claireambiance.com\/en\/produit\/suspension-volupsa\/","title":{"rendered":"SUSPENSION VOLUPSA"},"content":{"rendered":"","protected":false},"excerpt":{"rendered":"<p>Volupsa est une\u00a0 suspension en rotin inspir\u00e9e par du style Boho-chic chaleureuse et moderne. La structure particuli\u00e8re r\u00e9alis\u00e9e en rotin cr\u00e9e des effets de lumi\u00e8re douce. Id\u00e9ale pour d\u00e9corer vos terrasses, votre salon. <\/p>\n","protected":false},"featured_media":10802,"template":"","meta":{"_acf_changed":false,"_et_pb_use_builder":"","_et_pb_old_content":"","_et_gb_content_width":"","_monsterinsights_skip_tracking":false,"_monsterinsights_sitenote_active":false,"_monsterinsights_sitenote_note":"","_monsterinsights_sitenote_category":0},"product_brand":[],"product_cat":[140,24],"product_tag":[],"class_list":{"0":"post-2292","1":"product","2":"type-product","3":"status-publish","4":"has-post-thumbnail","6":"product_cat-luminaires","7":"product_cat-suspensions","9":"first","10":"instock","11":"shipping-taxable","12":"purchasable","13":"product-type-variable"},"acf":[],"aioseo_notices":[],"_links":{"self":[{"href":"https:\/\/claireambiance.com\/en\/wp-json\/wp\/v2\/product\/2292","targetHints":{"allow":["GET"]}}],"collection":[{"href":"https:\/\/claireambiance.com\/en\/wp-json\/wp\/v2\/product"}],"about":[{"href":"https:\/\/claireambiance.com\/en\/wp-json\/wp\/v2\/types\/product"}],"wp:featuredmedia":[{"embeddable":true,"href":"https:\/\/claireambiance.com\/en\/wp-json\/wp\/v2\/media\/10802"}],"wp:attachment":[{"href":"https:\/\/claireambiance.com\/en\/wp-json\/wp\/v2\/media?parent=2292"}],"wp:term":[{"taxonomy":"product_brand","embeddable":true,"href":"https:\/\/claireambiance.com\/en\/wp-json\/wp\/v2\/product_brand?post=2292"},{"taxonomy":"product_cat","embeddable":true,"href":"https:\/\/claireambiance.com\/en\/wp-json\/wp\/v2\/product_cat?post=2292"},{"taxonomy":"product_tag","embeddable":true,"href":"https:\/\/claireambiance.com\/en\/wp-json\/wp\/v2\/product_tag?post=2292"}],"curies":[{"name":"wp","href":"https:\/\/api.w.org\/{rel}","templated":true}]}}