{"id":2317,"date":"2022-09-14T13:42:03","date_gmt":"2022-09-14T11:42:03","guid":{"rendered":"https:\/\/new.claireambiance.com\/?post_type=product&#038;p=2317"},"modified":"2023-02-15T18:52:13","modified_gmt":"2023-02-15T17:52:13","slug":"canape-sangle-et-aluminium-outdoor","status":"publish","type":"product","link":"https:\/\/claireambiance.com\/en\/produit\/canape-sangle-et-aluminium-outdoor\/","title":{"rendered":"CANAP\u00c9 SANGLE ET ALUMINIUM OUTDOOR"},"content":{"rendered":"","protected":false},"excerpt":{"rendered":"<p>Canap\u00e9, cadre tubulaire en aluminium laqu\u00e9 blanc mat, gris ou sauge, tiss\u00e9 avec des sangles \u00e9lastiques bleues, noires ou grises.<br \/>\nCoussins avec housses amovibles.<\/p>\n","protected":false},"featured_media":9283,"template":"","meta":{"_acf_changed":false,"_et_pb_use_builder":"","_et_pb_old_content":"","_et_gb_content_width":"","_monsterinsights_skip_tracking":false,"_monsterinsights_sitenote_active":false,"_monsterinsights_sitenote_note":"","_monsterinsights_sitenote_category":0},"product_brand":[],"product_cat":[175,38],"product_tag":[159],"class_list":{"0":"post-2317","1":"product","2":"type-product","3":"status-publish","4":"has-post-thumbnail","6":"product_cat-luxe","7":"product_cat-salons-exterieur","8":"product_tag-gervasoni","10":"first","11":"instock","12":"shipping-taxable","13":"purchasable","14":"product-type-variable"},"acf":[],"aioseo_notices":[],"_links":{"self":[{"href":"https:\/\/claireambiance.com\/en\/wp-json\/wp\/v2\/product\/2317","targetHints":{"allow":["GET"]}}],"collection":[{"href":"https:\/\/claireambiance.com\/en\/wp-json\/wp\/v2\/product"}],"about":[{"href":"https:\/\/claireambiance.com\/en\/wp-json\/wp\/v2\/types\/product"}],"wp:featuredmedia":[{"embeddable":true,"href":"https:\/\/claireambiance.com\/en\/wp-json\/wp\/v2\/media\/9283"}],"wp:attachment":[{"href":"https:\/\/claireambiance.com\/en\/wp-json\/wp\/v2\/media?parent=2317"}],"wp:term":[{"taxonomy":"product_brand","embeddable":true,"href":"https:\/\/claireambiance.com\/en\/wp-json\/wp\/v2\/product_brand?post=2317"},{"taxonomy":"product_cat","embeddable":true,"href":"https:\/\/claireambiance.com\/en\/wp-json\/wp\/v2\/product_cat?post=2317"},{"taxonomy":"product_tag","embeddable":true,"href":"https:\/\/claireambiance.com\/en\/wp-json\/wp\/v2\/product_tag?post=2317"}],"curies":[{"name":"wp","href":"https:\/\/api.w.org\/{rel}","templated":true}]}}