{"id":2359,"date":"2022-09-14T13:42:13","date_gmt":"2022-09-14T11:42:13","guid":{"rendered":"https:\/\/new.claireambiance.com\/?post_type=product&#038;p=2359"},"modified":"2023-02-15T18:54:51","modified_gmt":"2023-02-15T17:54:51","slug":"fauteuil-a-bascule-sangle-et-aluminium-outdoor","status":"publish","type":"product","link":"https:\/\/claireambiance.com\/en\/produit\/fauteuil-a-bascule-sangle-et-aluminium-outdoor\/","title":{"rendered":"FAUTEUIL \u00c0 BASCULE SANGLE ET ALUMINIUM"},"content":{"rendered":"","protected":false},"excerpt":{"rendered":"<p>Fauteuil \u00e0 bascule, cadre tubulaire en aluminium laqu\u00e9 blanc mat, gris ou sauge, tiss\u00e9 avec des sangles \u00e9lastiques bleues, noires ou grises.<\/p>\n","protected":false},"featured_media":10187,"template":"","meta":{"_acf_changed":false,"_et_pb_use_builder":"","_et_pb_old_content":"","_et_gb_content_width":"","_monsterinsights_skip_tracking":false,"_monsterinsights_sitenote_active":false,"_monsterinsights_sitenote_note":"","_monsterinsights_sitenote_category":0},"product_brand":[],"product_cat":[59,60,38],"product_tag":[159],"class_list":{"0":"post-2359","1":"product","2":"type-product","3":"status-publish","4":"has-post-thumbnail","6":"product_cat-assise","7":"product_cat-fauteuils","8":"product_cat-salons-exterieur","9":"product_tag-gervasoni","11":"first","12":"instock","13":"shipping-taxable","14":"purchasable","15":"product-type-variable"},"acf":[],"aioseo_notices":[],"_links":{"self":[{"href":"https:\/\/claireambiance.com\/en\/wp-json\/wp\/v2\/product\/2359","targetHints":{"allow":["GET"]}}],"collection":[{"href":"https:\/\/claireambiance.com\/en\/wp-json\/wp\/v2\/product"}],"about":[{"href":"https:\/\/claireambiance.com\/en\/wp-json\/wp\/v2\/types\/product"}],"wp:featuredmedia":[{"embeddable":true,"href":"https:\/\/claireambiance.com\/en\/wp-json\/wp\/v2\/media\/10187"}],"wp:attachment":[{"href":"https:\/\/claireambiance.com\/en\/wp-json\/wp\/v2\/media?parent=2359"}],"wp:term":[{"taxonomy":"product_brand","embeddable":true,"href":"https:\/\/claireambiance.com\/en\/wp-json\/wp\/v2\/product_brand?post=2359"},{"taxonomy":"product_cat","embeddable":true,"href":"https:\/\/claireambiance.com\/en\/wp-json\/wp\/v2\/product_cat?post=2359"},{"taxonomy":"product_tag","embeddable":true,"href":"https:\/\/claireambiance.com\/en\/wp-json\/wp\/v2\/product_tag?post=2359"}],"curies":[{"name":"wp","href":"https:\/\/api.w.org\/{rel}","templated":true}]}}