{"id":2424,"date":"2022-09-14T13:42:38","date_gmt":"2022-09-14T11:42:38","guid":{"rendered":"https:\/\/new.claireambiance.com\/?post_type=product&#038;p=2424"},"modified":"2023-02-15T18:37:20","modified_gmt":"2023-02-15T17:37:20","slug":"canape-ghost-outdoor","status":"publish","type":"product","link":"https:\/\/claireambiance.com\/en\/produit\/canape-ghost-outdoor\/","title":{"rendered":"CANAP\u00c9 GHOST OUTDOOR"},"content":{"rendered":"","protected":false},"excerpt":{"rendered":"<p>Le Ghost Outdoor est un canap\u00e9 d&#8217;ext\u00e9rieur rembourr\u00e9 totalement d\u00e9houssable tout aussi confortable que son homologue d&#8217;int\u00e9rieur.<\/p>\n","protected":false},"featured_media":9258,"template":"","meta":{"_acf_changed":false,"_et_pb_use_builder":"","_et_pb_old_content":"","_et_gb_content_width":"","_monsterinsights_skip_tracking":false,"_monsterinsights_sitenote_active":false,"_monsterinsights_sitenote_note":"","_monsterinsights_sitenote_category":0},"product_brand":[],"product_cat":[57,38,39],"product_tag":[159],"class_list":{"0":"post-2424","1":"product","2":"type-product","3":"status-publish","4":"has-post-thumbnail","6":"product_cat-indispensables","7":"product_cat-salons-exterieur","8":"product_cat-ultra-luxe","9":"product_tag-gervasoni","11":"first","12":"instock","13":"shipping-taxable","14":"purchasable","15":"product-type-variable"},"acf":[],"aioseo_notices":[],"_links":{"self":[{"href":"https:\/\/claireambiance.com\/en\/wp-json\/wp\/v2\/product\/2424","targetHints":{"allow":["GET"]}}],"collection":[{"href":"https:\/\/claireambiance.com\/en\/wp-json\/wp\/v2\/product"}],"about":[{"href":"https:\/\/claireambiance.com\/en\/wp-json\/wp\/v2\/types\/product"}],"wp:featuredmedia":[{"embeddable":true,"href":"https:\/\/claireambiance.com\/en\/wp-json\/wp\/v2\/media\/9258"}],"wp:attachment":[{"href":"https:\/\/claireambiance.com\/en\/wp-json\/wp\/v2\/media?parent=2424"}],"wp:term":[{"taxonomy":"product_brand","embeddable":true,"href":"https:\/\/claireambiance.com\/en\/wp-json\/wp\/v2\/product_brand?post=2424"},{"taxonomy":"product_cat","embeddable":true,"href":"https:\/\/claireambiance.com\/en\/wp-json\/wp\/v2\/product_cat?post=2424"},{"taxonomy":"product_tag","embeddable":true,"href":"https:\/\/claireambiance.com\/en\/wp-json\/wp\/v2\/product_tag?post=2424"}],"curies":[{"name":"wp","href":"https:\/\/api.w.org\/{rel}","templated":true}]}}