{"id":2435,"date":"2022-09-14T13:42:39","date_gmt":"2022-09-14T11:42:39","guid":{"rendered":"https:\/\/new.claireambiance.com\/?post_type=product&#038;p=2435"},"modified":"2023-02-10T19:14:24","modified_gmt":"2023-02-10T18:14:24","slug":"meridienne-loll-170x116","status":"publish","type":"product","link":"https:\/\/claireambiance.com\/en\/produit\/meridienne-loll-170x116\/","title":{"rendered":"M\u00c9RIDIENNE LOLL"},"content":{"rendered":"","protected":false},"excerpt":{"rendered":"<p>M\u00e9ridienne, structure en bois massif recouverte de polyur\u00e9thane expans\u00e9 \u00e0 densit\u00e9 diff\u00e9renci\u00e9e et de haute densit\u00e9.<\/p>\n","protected":false},"featured_media":9370,"template":"","meta":{"_acf_changed":false,"_et_pb_use_builder":"","_et_pb_old_content":"","_et_gb_content_width":"","_monsterinsights_skip_tracking":false,"_monsterinsights_sitenote_active":false,"_monsterinsights_sitenote_note":"","_monsterinsights_sitenote_category":0},"product_brand":[],"product_cat":[162,178],"product_tag":[159],"class_list":{"0":"post-2435","1":"product","2":"type-product","3":"status-publish","4":"has-post-thumbnail","6":"product_cat-canapes-et-salons-interieur","7":"product_cat-classique","8":"product_tag-gervasoni","10":"first","11":"instock","12":"shipping-taxable","13":"purchasable","14":"product-type-simple"},"acf":[],"aioseo_notices":[],"_links":{"self":[{"href":"https:\/\/claireambiance.com\/en\/wp-json\/wp\/v2\/product\/2435","targetHints":{"allow":["GET"]}}],"collection":[{"href":"https:\/\/claireambiance.com\/en\/wp-json\/wp\/v2\/product"}],"about":[{"href":"https:\/\/claireambiance.com\/en\/wp-json\/wp\/v2\/types\/product"}],"wp:featuredmedia":[{"embeddable":true,"href":"https:\/\/claireambiance.com\/en\/wp-json\/wp\/v2\/media\/9370"}],"wp:attachment":[{"href":"https:\/\/claireambiance.com\/en\/wp-json\/wp\/v2\/media?parent=2435"}],"wp:term":[{"taxonomy":"product_brand","embeddable":true,"href":"https:\/\/claireambiance.com\/en\/wp-json\/wp\/v2\/product_brand?post=2435"},{"taxonomy":"product_cat","embeddable":true,"href":"https:\/\/claireambiance.com\/en\/wp-json\/wp\/v2\/product_cat?post=2435"},{"taxonomy":"product_tag","embeddable":true,"href":"https:\/\/claireambiance.com\/en\/wp-json\/wp\/v2\/product_tag?post=2435"}],"curies":[{"name":"wp","href":"https:\/\/api.w.org\/{rel}","templated":true}]}}