{"id":2446,"date":"2022-09-14T13:42:39","date_gmt":"2022-09-14T11:42:39","guid":{"rendered":"https:\/\/new.claireambiance.com\/?post_type=product&#038;p=2446"},"modified":"2023-02-10T20:38:54","modified_gmt":"2023-02-10T19:38:54","slug":"buffet-oscar-4-portes","status":"publish","type":"product","link":"https:\/\/claireambiance.com\/en\/produit\/buffet-oscar-4-portes\/","title":{"rendered":"BUFFET OSCAR &#8211; 4 PORTES"},"content":{"rendered":"","protected":false},"excerpt":{"rendered":"<p>La chaleur et l&#8217;exotisme du vieux teck massif envahit votre int\u00e9rieur avec ce majestueux buffet. Cette Pi\u00e8ce design et haut de gamme, trouvera une place pour rehausser votre d\u00e9coration.<\/p>\n","protected":false},"featured_media":2851,"template":"","meta":{"_acf_changed":false,"_et_pb_use_builder":"","_et_pb_old_content":"","_et_gb_content_width":"","_monsterinsights_skip_tracking":false,"_monsterinsights_sitenote_active":false,"_monsterinsights_sitenote_note":"","_monsterinsights_sitenote_category":0},"product_brand":[],"product_cat":[187,183],"product_tag":[204],"class_list":{"0":"post-2446","1":"product","2":"type-product","3":"status-publish","4":"has-post-thumbnail","6":"product_cat-buffets","7":"product_cat-elements-rangement","8":"product_tag-tikamoon","10":"first","11":"instock","12":"shipping-taxable","13":"purchasable","14":"product-type-simple"},"acf":[],"aioseo_notices":[],"_links":{"self":[{"href":"https:\/\/claireambiance.com\/en\/wp-json\/wp\/v2\/product\/2446","targetHints":{"allow":["GET"]}}],"collection":[{"href":"https:\/\/claireambiance.com\/en\/wp-json\/wp\/v2\/product"}],"about":[{"href":"https:\/\/claireambiance.com\/en\/wp-json\/wp\/v2\/types\/product"}],"wp:featuredmedia":[{"embeddable":true,"href":"https:\/\/claireambiance.com\/en\/wp-json\/wp\/v2\/media\/2851"}],"wp:attachment":[{"href":"https:\/\/claireambiance.com\/en\/wp-json\/wp\/v2\/media?parent=2446"}],"wp:term":[{"taxonomy":"product_brand","embeddable":true,"href":"https:\/\/claireambiance.com\/en\/wp-json\/wp\/v2\/product_brand?post=2446"},{"taxonomy":"product_cat","embeddable":true,"href":"https:\/\/claireambiance.com\/en\/wp-json\/wp\/v2\/product_cat?post=2446"},{"taxonomy":"product_tag","embeddable":true,"href":"https:\/\/claireambiance.com\/en\/wp-json\/wp\/v2\/product_tag?post=2446"}],"curies":[{"name":"wp","href":"https:\/\/api.w.org\/{rel}","templated":true}]}}