{"id":2450,"date":"2022-09-14T13:42:40","date_gmt":"2022-09-14T11:42:40","guid":{"rendered":"https:\/\/new.claireambiance.com\/?post_type=product&#038;p=2450"},"modified":"2023-02-15T14:08:08","modified_gmt":"2023-02-15T13:08:08","slug":"pipistrello-blanche-avec-bulb-620-grand-modele","status":"publish","type":"product","link":"https:\/\/claireambiance.com\/en\/produit\/pipistrello-blanche-avec-bulb-620-grand-modele\/","title":{"rendered":"PIPISTRELLO BLANCHE 620 GRAND MOD\u00c8LE"},"content":{"rendered":"","protected":false},"excerpt":{"rendered":"<p>Lampe de table ou lampe de sol \u00e0 lumi\u00e8re diffuse, r\u00e9glable en hauteur gr\u00e2ce \u00e0 sa base t\u00e9lescopique.<\/p>\n","protected":false},"featured_media":10774,"template":"","meta":{"_acf_changed":false,"_et_pb_use_builder":"","_et_pb_old_content":"","_et_gb_content_width":"","_monsterinsights_skip_tracking":false,"_monsterinsights_sitenote_active":false,"_monsterinsights_sitenote_note":"","_monsterinsights_sitenote_category":0},"product_brand":[],"product_cat":[206,140],"product_tag":[202],"class_list":{"0":"post-2450","1":"product","2":"type-product","3":"status-publish","4":"has-post-thumbnail","6":"product_cat-lampadaires","7":"product_cat-luminaires","8":"product_tag-martinelli-luce","10":"first","11":"instock","12":"shipping-taxable","13":"purchasable","14":"product-type-variable"},"acf":[],"aioseo_notices":[],"_links":{"self":[{"href":"https:\/\/claireambiance.com\/en\/wp-json\/wp\/v2\/product\/2450","targetHints":{"allow":["GET"]}}],"collection":[{"href":"https:\/\/claireambiance.com\/en\/wp-json\/wp\/v2\/product"}],"about":[{"href":"https:\/\/claireambiance.com\/en\/wp-json\/wp\/v2\/types\/product"}],"wp:featuredmedia":[{"embeddable":true,"href":"https:\/\/claireambiance.com\/en\/wp-json\/wp\/v2\/media\/10774"}],"wp:attachment":[{"href":"https:\/\/claireambiance.com\/en\/wp-json\/wp\/v2\/media?parent=2450"}],"wp:term":[{"taxonomy":"product_brand","embeddable":true,"href":"https:\/\/claireambiance.com\/en\/wp-json\/wp\/v2\/product_brand?post=2450"},{"taxonomy":"product_cat","embeddable":true,"href":"https:\/\/claireambiance.com\/en\/wp-json\/wp\/v2\/product_cat?post=2450"},{"taxonomy":"product_tag","embeddable":true,"href":"https:\/\/claireambiance.com\/en\/wp-json\/wp\/v2\/product_tag?post=2450"}],"curies":[{"name":"wp","href":"https:\/\/api.w.org\/{rel}","templated":true}]}}