{"id":2493,"date":"2022-09-14T13:43:01","date_gmt":"2022-09-14T11:43:01","guid":{"rendered":"https:\/\/new.claireambiance.com\/?post_type=product&#038;p=2493"},"modified":"2023-02-15T14:01:55","modified_gmt":"2023-02-15T13:01:55","slug":"mini-pipistrello-filaire","status":"publish","type":"product","link":"https:\/\/claireambiance.com\/en\/produit\/mini-pipistrello-filaire\/","title":{"rendered":"MINI PIPISTRELLO FILAIRE EN INOX"},"content":{"rendered":"","protected":false},"excerpt":{"rendered":"<p>Une version mini de la lampe Pipistrello dessin\u00e9e par Gae Aulenti en 1965. Lampe de table \u00e0 lumi\u00e8re diffuse.<\/p>\n","protected":false},"featured_media":2519,"template":"","meta":{"_acf_changed":false,"_et_pb_use_builder":"","_et_pb_old_content":"","_et_gb_content_width":"","_monsterinsights_skip_tracking":false,"_monsterinsights_sitenote_active":false,"_monsterinsights_sitenote_note":"","_monsterinsights_sitenote_category":0},"product_brand":[],"product_cat":[206,140],"product_tag":[202],"class_list":{"0":"post-2493","1":"product","2":"type-product","3":"status-publish","4":"has-post-thumbnail","6":"product_cat-lampadaires","7":"product_cat-luminaires","8":"product_tag-martinelli-luce","10":"first","11":"instock","12":"shipping-taxable","13":"purchasable","14":"product-type-variable"},"acf":[],"aioseo_notices":[],"_links":{"self":[{"href":"https:\/\/claireambiance.com\/en\/wp-json\/wp\/v2\/product\/2493","targetHints":{"allow":["GET"]}}],"collection":[{"href":"https:\/\/claireambiance.com\/en\/wp-json\/wp\/v2\/product"}],"about":[{"href":"https:\/\/claireambiance.com\/en\/wp-json\/wp\/v2\/types\/product"}],"wp:featuredmedia":[{"embeddable":true,"href":"https:\/\/claireambiance.com\/en\/wp-json\/wp\/v2\/media\/2519"}],"wp:attachment":[{"href":"https:\/\/claireambiance.com\/en\/wp-json\/wp\/v2\/media?parent=2493"}],"wp:term":[{"taxonomy":"product_brand","embeddable":true,"href":"https:\/\/claireambiance.com\/en\/wp-json\/wp\/v2\/product_brand?post=2493"},{"taxonomy":"product_cat","embeddable":true,"href":"https:\/\/claireambiance.com\/en\/wp-json\/wp\/v2\/product_cat?post=2493"},{"taxonomy":"product_tag","embeddable":true,"href":"https:\/\/claireambiance.com\/en\/wp-json\/wp\/v2\/product_tag?post=2493"}],"curies":[{"name":"wp","href":"https:\/\/api.w.org\/{rel}","templated":true}]}}