{"id":2528,"date":"2022-09-14T13:43:15","date_gmt":"2022-09-14T11:43:15","guid":{"rendered":"https:\/\/new.claireambiance.com\/?post_type=product&#038;p=2528"},"modified":"2023-02-08T21:00:28","modified_gmt":"2023-02-08T20:00:28","slug":"mini-max-big-green-egg-barbecue","status":"publish","type":"product","link":"https:\/\/claireambiance.com\/en\/produit\/mini-max-big-green-egg-barbecue\/","title":{"rendered":"MINI MAX BIG GREEN EGG &#8211; BARBECUE"},"content":{"rendered":"","protected":false},"excerpt":{"rendered":"<p>Le Big Green Egg MiniMax est peut-\u00eatre tr\u00e8s discret c\u00f4t\u00e9 format, il n&#8217;en est pas moins performant ! Id\u00e9al pour les petits espaces, facile \u00e0 installer, c&#8217;est le mod\u00e8le pr\u00e9f\u00e9r\u00e9 des chefs et restaurants.<\/p>\n","protected":false},"featured_media":10040,"template":"","meta":{"_acf_changed":false,"_et_pb_use_builder":"","_et_pb_old_content":"","_et_gb_content_width":"","_monsterinsights_skip_tracking":false,"_monsterinsights_sitenote_active":false,"_monsterinsights_sitenote_note":"","_monsterinsights_sitenote_category":0},"product_brand":[],"product_cat":[190,189],"product_tag":[172],"class_list":{"0":"post-2528","1":"product","2":"type-product","3":"status-publish","4":"has-post-thumbnail","6":"product_cat-accessoires-decorations","7":"product_cat-big-green-egg","8":"product_tag-big-green-egg","10":"first","11":"instock","12":"shipping-taxable","13":"purchasable","14":"product-type-simple"},"acf":[],"aioseo_notices":[],"_links":{"self":[{"href":"https:\/\/claireambiance.com\/en\/wp-json\/wp\/v2\/product\/2528","targetHints":{"allow":["GET"]}}],"collection":[{"href":"https:\/\/claireambiance.com\/en\/wp-json\/wp\/v2\/product"}],"about":[{"href":"https:\/\/claireambiance.com\/en\/wp-json\/wp\/v2\/types\/product"}],"wp:featuredmedia":[{"embeddable":true,"href":"https:\/\/claireambiance.com\/en\/wp-json\/wp\/v2\/media\/10040"}],"wp:attachment":[{"href":"https:\/\/claireambiance.com\/en\/wp-json\/wp\/v2\/media?parent=2528"}],"wp:term":[{"taxonomy":"product_brand","embeddable":true,"href":"https:\/\/claireambiance.com\/en\/wp-json\/wp\/v2\/product_brand?post=2528"},{"taxonomy":"product_cat","embeddable":true,"href":"https:\/\/claireambiance.com\/en\/wp-json\/wp\/v2\/product_cat?post=2528"},{"taxonomy":"product_tag","embeddable":true,"href":"https:\/\/claireambiance.com\/en\/wp-json\/wp\/v2\/product_tag?post=2528"}],"curies":[{"name":"wp","href":"https:\/\/api.w.org\/{rel}","templated":true}]}}