{"id":2533,"date":"2022-09-14T13:43:15","date_gmt":"2022-09-14T11:43:15","guid":{"rendered":"https:\/\/new.claireambiance.com\/?post_type=product&#038;p=2533"},"modified":"2023-02-08T20:32:46","modified_gmt":"2023-02-08T19:32:46","slug":"patere-petite-friture","status":"publish","type":"product","link":"https:\/\/claireambiance.com\/en\/produit\/patere-petite-friture\/","title":{"rendered":"PAT\u00c8RE &#8211; PETITE FRITURE"},"content":{"rendered":"","protected":false},"excerpt":{"rendered":"<p>Souffl\u00e9es \u00e0 la bouche dans un moule, les pat\u00e8res BUBBLE existent en deux tailles et se d\u00e9ploient comme des bulles de savon, de formes faussement al\u00e9atoires. Le r\u00e9sultat dynamise votre int\u00e9rieur avec ces touches color\u00e9es et ces effets de transparence.<\/p>\n","protected":false},"featured_media":2575,"template":"","meta":{"_acf_changed":false,"_et_pb_use_builder":"","_et_pb_old_content":"","_et_gb_content_width":"","_monsterinsights_skip_tracking":false,"_monsterinsights_sitenote_active":false,"_monsterinsights_sitenote_note":"","_monsterinsights_sitenote_category":0},"product_brand":[],"product_cat":[190,164],"product_tag":[173],"class_list":{"0":"post-2533","1":"product","2":"type-product","3":"status-publish","4":"has-post-thumbnail","6":"product_cat-accessoires-decorations","7":"product_cat-autres","8":"product_tag-petite-friture","10":"first","11":"instock","12":"shipping-taxable","13":"purchasable","14":"product-type-variable"},"acf":[],"aioseo_notices":[],"_links":{"self":[{"href":"https:\/\/claireambiance.com\/en\/wp-json\/wp\/v2\/product\/2533","targetHints":{"allow":["GET"]}}],"collection":[{"href":"https:\/\/claireambiance.com\/en\/wp-json\/wp\/v2\/product"}],"about":[{"href":"https:\/\/claireambiance.com\/en\/wp-json\/wp\/v2\/types\/product"}],"wp:featuredmedia":[{"embeddable":true,"href":"https:\/\/claireambiance.com\/en\/wp-json\/wp\/v2\/media\/2575"}],"wp:attachment":[{"href":"https:\/\/claireambiance.com\/en\/wp-json\/wp\/v2\/media?parent=2533"}],"wp:term":[{"taxonomy":"product_brand","embeddable":true,"href":"https:\/\/claireambiance.com\/en\/wp-json\/wp\/v2\/product_brand?post=2533"},{"taxonomy":"product_cat","embeddable":true,"href":"https:\/\/claireambiance.com\/en\/wp-json\/wp\/v2\/product_cat?post=2533"},{"taxonomy":"product_tag","embeddable":true,"href":"https:\/\/claireambiance.com\/en\/wp-json\/wp\/v2\/product_tag?post=2533"}],"curies":[{"name":"wp","href":"https:\/\/api.w.org\/{rel}","templated":true}]}}