{"id":2538,"date":"2022-09-14T13:43:15","date_gmt":"2022-09-14T11:43:15","guid":{"rendered":"https:\/\/new.claireambiance.com\/?post_type=product&#038;p=2538"},"modified":"2023-02-10T21:37:53","modified_gmt":"2023-02-10T20:37:53","slug":"vertigo-nova-lampadaire-petite-friture","status":"publish","type":"product","link":"https:\/\/claireambiance.com\/en\/produit\/vertigo-nova-lampadaire-petite-friture\/","title":{"rendered":"LAMPADAIRE VERTIGO NOVA &#8211; PETITE FRITURE"},"content":{"rendered":"","protected":false},"excerpt":{"rendered":"<p>Cette lampe sculpture du nom d\u2019une \u00e9toile intrigue par sa ligne et son mouvement, s\u00e9duit par son allure. Vertigo Nova fr\u00e9mit au gr\u00e9 des vibrations de l\u2019air gr\u00e2ce \u00e0 une structure sinuso\u00efdale en fibre de verre sous-tendue par des rubans assembl\u00e9s \u00e0 la main en France.<\/p>\n","protected":false},"featured_media":9395,"template":"","meta":{"_acf_changed":false,"_et_pb_use_builder":"","_et_pb_old_content":"","_et_gb_content_width":"","_monsterinsights_skip_tracking":false,"_monsterinsights_sitenote_active":false,"_monsterinsights_sitenote_note":"","_monsterinsights_sitenote_category":0},"product_brand":[],"product_cat":[206,140],"product_tag":[173],"class_list":{"0":"post-2538","1":"product","2":"type-product","3":"status-publish","4":"has-post-thumbnail","6":"product_cat-lampadaires","7":"product_cat-luminaires","8":"product_tag-petite-friture","10":"first","11":"instock","12":"shipping-taxable","13":"purchasable","14":"product-type-variable"},"acf":[],"aioseo_notices":[],"_links":{"self":[{"href":"https:\/\/claireambiance.com\/en\/wp-json\/wp\/v2\/product\/2538","targetHints":{"allow":["GET"]}}],"collection":[{"href":"https:\/\/claireambiance.com\/en\/wp-json\/wp\/v2\/product"}],"about":[{"href":"https:\/\/claireambiance.com\/en\/wp-json\/wp\/v2\/types\/product"}],"wp:featuredmedia":[{"embeddable":true,"href":"https:\/\/claireambiance.com\/en\/wp-json\/wp\/v2\/media\/9395"}],"wp:attachment":[{"href":"https:\/\/claireambiance.com\/en\/wp-json\/wp\/v2\/media?parent=2538"}],"wp:term":[{"taxonomy":"product_brand","embeddable":true,"href":"https:\/\/claireambiance.com\/en\/wp-json\/wp\/v2\/product_brand?post=2538"},{"taxonomy":"product_cat","embeddable":true,"href":"https:\/\/claireambiance.com\/en\/wp-json\/wp\/v2\/product_cat?post=2538"},{"taxonomy":"product_tag","embeddable":true,"href":"https:\/\/claireambiance.com\/en\/wp-json\/wp\/v2\/product_tag?post=2538"}],"curies":[{"name":"wp","href":"https:\/\/api.w.org\/{rel}","templated":true}]}}