{"id":2547,"date":"2022-09-14T13:43:16","date_gmt":"2022-09-14T11:43:16","guid":{"rendered":"https:\/\/new.claireambiance.com\/?post_type=product&#038;p=2547"},"modified":"2022-12-09T20:03:30","modified_gmt":"2022-12-09T19:03:30","slug":"tabouret-ibiza","status":"publish","type":"product","link":"https:\/\/claireambiance.com\/en\/produit\/tabouret-ibiza\/","title":{"rendered":"TABOURET IBIZA"},"content":{"rendered":"","protected":false},"excerpt":{"rendered":"<p>La collection Ibiza est inspir\u00e9e par l&#8217;id\u00e9e de fra\u00eecheur et de puret\u00e9 des formes : un m\u00e9lange entre la lin\u00e9arit\u00e9 du style europ\u00e9en du nord et la chaleur typique du sud, cr\u00e9ant ainsi un dialogue entre int\u00e9rieur et ext\u00e9rieur.<\/p>\n","protected":false},"featured_media":2603,"template":"","meta":{"_acf_changed":false,"_et_pb_use_builder":"","_et_pb_old_content":"","_et_gb_content_width":"","_monsterinsights_skip_tracking":false,"_monsterinsights_sitenote_active":false,"_monsterinsights_sitenote_note":"","_monsterinsights_sitenote_category":0},"product_brand":[],"product_cat":[59,109],"product_tag":[105],"class_list":{"0":"post-2547","1":"product","2":"type-product","3":"status-publish","4":"has-post-thumbnail","6":"product_cat-assise","7":"product_cat-tabourets","8":"product_tag-vondom","10":"first","11":"instock","12":"shipping-taxable","13":"purchasable","14":"product-type-variable"},"acf":[],"aioseo_notices":[],"_links":{"self":[{"href":"https:\/\/claireambiance.com\/en\/wp-json\/wp\/v2\/product\/2547","targetHints":{"allow":["GET"]}}],"collection":[{"href":"https:\/\/claireambiance.com\/en\/wp-json\/wp\/v2\/product"}],"about":[{"href":"https:\/\/claireambiance.com\/en\/wp-json\/wp\/v2\/types\/product"}],"wp:featuredmedia":[{"embeddable":true,"href":"https:\/\/claireambiance.com\/en\/wp-json\/wp\/v2\/media\/2603"}],"wp:attachment":[{"href":"https:\/\/claireambiance.com\/en\/wp-json\/wp\/v2\/media?parent=2547"}],"wp:term":[{"taxonomy":"product_brand","embeddable":true,"href":"https:\/\/claireambiance.com\/en\/wp-json\/wp\/v2\/product_brand?post=2547"},{"taxonomy":"product_cat","embeddable":true,"href":"https:\/\/claireambiance.com\/en\/wp-json\/wp\/v2\/product_cat?post=2547"},{"taxonomy":"product_tag","embeddable":true,"href":"https:\/\/claireambiance.com\/en\/wp-json\/wp\/v2\/product_tag?post=2547"}],"curies":[{"name":"wp","href":"https:\/\/api.w.org\/{rel}","templated":true}]}}