{"id":2552,"date":"2022-09-14T13:43:16","date_gmt":"2022-09-14T11:43:16","guid":{"rendered":"https:\/\/new.claireambiance.com\/?post_type=product&#038;p=2552"},"modified":"2022-12-09T20:02:13","modified_gmt":"2022-12-09T19:02:13","slug":"tabouret-titus","status":"publish","type":"product","link":"https:\/\/claireambiance.com\/en\/produit\/tabouret-titus\/","title":{"rendered":"TABOURET CANNAGE TITUS"},"content":{"rendered":"","protected":false},"excerpt":{"rendered":"<p>D\u00e8s le premier regard, le\u00a0<strong>tabouret\u00a0 Titus Bar de Vincent Sheppard, <\/strong>avec son look d\u00e9licat et d\u00e9licieux, ne peut que s\u00e9duire.<\/p>\n","protected":false},"featured_media":2607,"template":"","meta":{"_acf_changed":false,"_et_pb_use_builder":"","_et_pb_old_content":"","_et_gb_content_width":"","_monsterinsights_skip_tracking":false,"_monsterinsights_sitenote_active":false,"_monsterinsights_sitenote_note":"","_monsterinsights_sitenote_category":0},"product_brand":[],"product_cat":[59,109],"product_tag":[156],"class_list":{"0":"post-2552","1":"product","2":"type-product","3":"status-publish","4":"has-post-thumbnail","6":"product_cat-assise","7":"product_cat-tabourets","8":"product_tag-vincent-sheppard","10":"first","11":"instock","12":"shipping-taxable","13":"purchasable","14":"product-type-variable"},"acf":[],"aioseo_notices":[],"_links":{"self":[{"href":"https:\/\/claireambiance.com\/en\/wp-json\/wp\/v2\/product\/2552","targetHints":{"allow":["GET"]}}],"collection":[{"href":"https:\/\/claireambiance.com\/en\/wp-json\/wp\/v2\/product"}],"about":[{"href":"https:\/\/claireambiance.com\/en\/wp-json\/wp\/v2\/types\/product"}],"wp:featuredmedia":[{"embeddable":true,"href":"https:\/\/claireambiance.com\/en\/wp-json\/wp\/v2\/media\/2607"}],"wp:attachment":[{"href":"https:\/\/claireambiance.com\/en\/wp-json\/wp\/v2\/media?parent=2552"}],"wp:term":[{"taxonomy":"product_brand","embeddable":true,"href":"https:\/\/claireambiance.com\/en\/wp-json\/wp\/v2\/product_brand?post=2552"},{"taxonomy":"product_cat","embeddable":true,"href":"https:\/\/claireambiance.com\/en\/wp-json\/wp\/v2\/product_cat?post=2552"},{"taxonomy":"product_tag","embeddable":true,"href":"https:\/\/claireambiance.com\/en\/wp-json\/wp\/v2\/product_tag?post=2552"}],"curies":[{"name":"wp","href":"https:\/\/api.w.org\/{rel}","templated":true}]}}