{"id":2590,"date":"2022-09-14T13:43:41","date_gmt":"2022-09-14T11:43:41","guid":{"rendered":"https:\/\/new.claireambiance.com\/?post_type=product&#038;p=2590"},"modified":"2023-02-15T21:22:12","modified_gmt":"2023-02-15T20:22:12","slug":"fauteuil-lounge-titus","status":"publish","type":"product","link":"https:\/\/claireambiance.com\/en\/produit\/fauteuil-lounge-titus\/","title":{"rendered":"FAUTEUIL LOUNGE CANNAGE TITUS"},"content":{"rendered":"","protected":false},"excerpt":{"rendered":"<p>Fabriqu\u00e9 avec un dossier en cannage, une structure en ch\u00eane naturelle et une assise rembourr\u00e9e en simili cuir marron, ce fauteuil lounge Titus, par <strong>Vincent Sheppard<\/strong>, s&#8217;int\u00e9grera parfaitement dans votre maison.<\/p>\n","protected":false},"featured_media":10900,"template":"","meta":{"_acf_changed":false,"_et_pb_use_builder":"","_et_pb_old_content":"","_et_gb_content_width":"","_monsterinsights_skip_tracking":false,"_monsterinsights_sitenote_active":false,"_monsterinsights_sitenote_note":"","_monsterinsights_sitenote_category":0},"product_brand":[],"product_cat":[59,60],"product_tag":[156],"class_list":{"0":"post-2590","1":"product","2":"type-product","3":"status-publish","4":"has-post-thumbnail","6":"product_cat-assise","7":"product_cat-fauteuils","8":"product_tag-vincent-sheppard","10":"first","11":"instock","12":"shipping-taxable","13":"purchasable","14":"product-type-variable"},"acf":[],"aioseo_notices":[],"_links":{"self":[{"href":"https:\/\/claireambiance.com\/en\/wp-json\/wp\/v2\/product\/2590","targetHints":{"allow":["GET"]}}],"collection":[{"href":"https:\/\/claireambiance.com\/en\/wp-json\/wp\/v2\/product"}],"about":[{"href":"https:\/\/claireambiance.com\/en\/wp-json\/wp\/v2\/types\/product"}],"wp:featuredmedia":[{"embeddable":true,"href":"https:\/\/claireambiance.com\/en\/wp-json\/wp\/v2\/media\/10900"}],"wp:attachment":[{"href":"https:\/\/claireambiance.com\/en\/wp-json\/wp\/v2\/media?parent=2590"}],"wp:term":[{"taxonomy":"product_brand","embeddable":true,"href":"https:\/\/claireambiance.com\/en\/wp-json\/wp\/v2\/product_brand?post=2590"},{"taxonomy":"product_cat","embeddable":true,"href":"https:\/\/claireambiance.com\/en\/wp-json\/wp\/v2\/product_cat?post=2590"},{"taxonomy":"product_tag","embeddable":true,"href":"https:\/\/claireambiance.com\/en\/wp-json\/wp\/v2\/product_tag?post=2590"}],"curies":[{"name":"wp","href":"https:\/\/api.w.org\/{rel}","templated":true}]}}