{"id":2628,"date":"2022-09-14T13:43:53","date_gmt":"2022-09-14T11:43:53","guid":{"rendered":"https:\/\/new.claireambiance.com\/?post_type=product&#038;p=2628"},"modified":"2023-02-15T16:55:39","modified_gmt":"2023-02-15T15:55:39","slug":"mozaix-collection-luxe","status":"publish","type":"product","link":"https:\/\/claireambiance.com\/en\/produit\/mozaix-collection-luxe\/","title":{"rendered":"SALON DE JARDIN MOZAIX &#8211; ULTRA LUXE"},"content":{"rendered":"","protected":false},"excerpt":{"rendered":"<p>Le mobilier de jardin exclusif de Royal Botania combine tous ces \u00e9l\u00e9ments : l\u2019agr\u00e9able chaleur des accents en teck, les tissus en teintes naturelles harmonieuses qui \u00e9voquent la s\u00e9r\u00e9nit\u00e9, et un magnifique jeu de lignes<\/p>\n","protected":false},"featured_media":10015,"template":"","meta":{"_acf_changed":false,"_et_pb_use_builder":"","_et_pb_old_content":"","_et_gb_content_width":"","_monsterinsights_skip_tracking":false,"_monsterinsights_sitenote_active":false,"_monsterinsights_sitenote_note":"","_monsterinsights_sitenote_category":0},"product_brand":[],"product_cat":[38,39],"product_tag":[200],"class_list":{"0":"post-2628","1":"product","2":"type-product","3":"status-publish","4":"has-post-thumbnail","6":"product_cat-salons-exterieur","7":"product_cat-ultra-luxe","8":"product_tag-royal-botania","10":"first","11":"instock","12":"shipping-taxable","13":"purchasable","14":"product-type-simple"},"acf":[],"aioseo_notices":[],"_links":{"self":[{"href":"https:\/\/claireambiance.com\/en\/wp-json\/wp\/v2\/product\/2628","targetHints":{"allow":["GET"]}}],"collection":[{"href":"https:\/\/claireambiance.com\/en\/wp-json\/wp\/v2\/product"}],"about":[{"href":"https:\/\/claireambiance.com\/en\/wp-json\/wp\/v2\/types\/product"}],"wp:featuredmedia":[{"embeddable":true,"href":"https:\/\/claireambiance.com\/en\/wp-json\/wp\/v2\/media\/10015"}],"wp:attachment":[{"href":"https:\/\/claireambiance.com\/en\/wp-json\/wp\/v2\/media?parent=2628"}],"wp:term":[{"taxonomy":"product_brand","embeddable":true,"href":"https:\/\/claireambiance.com\/en\/wp-json\/wp\/v2\/product_brand?post=2628"},{"taxonomy":"product_cat","embeddable":true,"href":"https:\/\/claireambiance.com\/en\/wp-json\/wp\/v2\/product_cat?post=2628"},{"taxonomy":"product_tag","embeddable":true,"href":"https:\/\/claireambiance.com\/en\/wp-json\/wp\/v2\/product_tag?post=2628"}],"curies":[{"name":"wp","href":"https:\/\/api.w.org\/{rel}","templated":true}]}}