{"id":2629,"date":"2022-09-14T13:43:53","date_gmt":"2022-09-14T11:43:53","guid":{"rendered":"https:\/\/new.claireambiance.com\/?post_type=product&#038;p=2629"},"modified":"2023-01-20T17:06:43","modified_gmt":"2023-01-20T16:06:43","slug":"zenhit-collection-luxe","status":"publish","type":"product","link":"https:\/\/claireambiance.com\/en\/produit\/zenhit-collection-luxe\/","title":{"rendered":"SALON DE JARDIN ZENHIT &#8211; ULTRA LUXE"},"content":{"rendered":"","protected":false},"excerpt":{"rendered":"<p>Zenhit est l\u2019une des collections phares de la marque Royal Botania. L\u2019importante section consacr\u00e9e au teck permet \u00e0 chaque \u00e9l\u00e9ment de se d\u00e9marquer.<\/p>\n","protected":false},"featured_media":9355,"template":"","meta":{"_acf_changed":false,"_et_pb_use_builder":"","_et_pb_old_content":"","_et_gb_content_width":"","_monsterinsights_skip_tracking":false,"_monsterinsights_sitenote_active":false,"_monsterinsights_sitenote_note":"","_monsterinsights_sitenote_category":0},"product_brand":[],"product_cat":[38,39],"product_tag":[200],"class_list":{"0":"post-2629","1":"product","2":"type-product","3":"status-publish","4":"has-post-thumbnail","6":"product_cat-salons-exterieur","7":"product_cat-ultra-luxe","8":"product_tag-royal-botania","10":"first","11":"instock","12":"shipping-taxable","13":"purchasable","14":"product-type-simple"},"acf":[],"aioseo_notices":[],"_links":{"self":[{"href":"https:\/\/claireambiance.com\/en\/wp-json\/wp\/v2\/product\/2629","targetHints":{"allow":["GET"]}}],"collection":[{"href":"https:\/\/claireambiance.com\/en\/wp-json\/wp\/v2\/product"}],"about":[{"href":"https:\/\/claireambiance.com\/en\/wp-json\/wp\/v2\/types\/product"}],"wp:featuredmedia":[{"embeddable":true,"href":"https:\/\/claireambiance.com\/en\/wp-json\/wp\/v2\/media\/9355"}],"wp:attachment":[{"href":"https:\/\/claireambiance.com\/en\/wp-json\/wp\/v2\/media?parent=2629"}],"wp:term":[{"taxonomy":"product_brand","embeddable":true,"href":"https:\/\/claireambiance.com\/en\/wp-json\/wp\/v2\/product_brand?post=2629"},{"taxonomy":"product_cat","embeddable":true,"href":"https:\/\/claireambiance.com\/en\/wp-json\/wp\/v2\/product_cat?post=2629"},{"taxonomy":"product_tag","embeddable":true,"href":"https:\/\/claireambiance.com\/en\/wp-json\/wp\/v2\/product_tag?post=2629"}],"curies":[{"name":"wp","href":"https:\/\/api.w.org\/{rel}","templated":true}]}}