{"id":6789,"date":"2022-12-23T15:29:37","date_gmt":"2022-12-23T14:29:37","guid":{"rendered":"https:\/\/new.claireambiance.com\/?post_type=product&#038;p=6789"},"modified":"2023-02-09T19:35:40","modified_gmt":"2023-02-09T18:35:40","slug":"fauteuil-bois-exotique-sumba","status":"publish","type":"product","link":"https:\/\/claireambiance.com\/en\/produit\/fauteuil-bois-exotique-sumba\/","title":{"rendered":"FAUTEUIL EN BOIS EXOTIQUE ET ROTIN SUMBA"},"content":{"rendered":"","protected":false},"excerpt":{"rendered":"<p>Avec son \u00e9l\u00e9gante structure en bois d&#8217;h\u00e9v\u00e9a teint\u00e9 noir et son cannage en rotin naturel, recouvert d&#8217;un tissu haut de gamme, le fauteuil Sumba installe un dialogue entre le style r\u00e9tro scandinave et le savoir-faire mill\u00e9naire de l\u2019Asie. <\/p>\n","protected":false},"featured_media":10198,"template":"","meta":{"_acf_changed":false,"_et_pb_use_builder":"","_et_pb_old_content":"","_et_gb_content_width":"","_monsterinsights_skip_tracking":false,"_monsterinsights_sitenote_active":false,"_monsterinsights_sitenote_note":"","_monsterinsights_sitenote_category":0},"product_brand":[],"product_cat":[59,60],"product_tag":[389],"class_list":{"0":"post-6789","1":"product","2":"type-product","3":"status-publish","4":"has-post-thumbnail","6":"product_cat-assise","7":"product_cat-fauteuils","8":"product_tag-cfoc","10":"first","11":"instock","12":"shipping-taxable","13":"purchasable","14":"product-type-simple"},"acf":[],"aioseo_notices":[],"_links":{"self":[{"href":"https:\/\/claireambiance.com\/en\/wp-json\/wp\/v2\/product\/6789","targetHints":{"allow":["GET"]}}],"collection":[{"href":"https:\/\/claireambiance.com\/en\/wp-json\/wp\/v2\/product"}],"about":[{"href":"https:\/\/claireambiance.com\/en\/wp-json\/wp\/v2\/types\/product"}],"wp:featuredmedia":[{"embeddable":true,"href":"https:\/\/claireambiance.com\/en\/wp-json\/wp\/v2\/media\/10198"}],"wp:attachment":[{"href":"https:\/\/claireambiance.com\/en\/wp-json\/wp\/v2\/media?parent=6789"}],"wp:term":[{"taxonomy":"product_brand","embeddable":true,"href":"https:\/\/claireambiance.com\/en\/wp-json\/wp\/v2\/product_brand?post=6789"},{"taxonomy":"product_cat","embeddable":true,"href":"https:\/\/claireambiance.com\/en\/wp-json\/wp\/v2\/product_cat?post=6789"},{"taxonomy":"product_tag","embeddable":true,"href":"https:\/\/claireambiance.com\/en\/wp-json\/wp\/v2\/product_tag?post=6789"}],"curies":[{"name":"wp","href":"https:\/\/api.w.org\/{rel}","templated":true}]}}