{"id":6794,"date":"2022-12-23T16:12:38","date_gmt":"2022-12-23T15:12:38","guid":{"rendered":"https:\/\/new.claireambiance.com\/?post_type=product&#038;p=6794"},"modified":"2023-02-28T15:10:44","modified_gmt":"2023-02-28T14:10:44","slug":"jarre-yixing-jardin-en-ceramique","status":"publish","type":"product","link":"https:\/\/claireambiance.com\/en\/produit\/jarre-yixing-jardin-en-ceramique\/","title":{"rendered":"JARRE YIXING JARDIN EN CERAMIQUE"},"content":{"rendered":"","protected":false},"excerpt":{"rendered":"<p>Ces jarres ont des formes pures et \u00e9l\u00e9gantes qui habillent parfaitement un ext\u00e9rieur.<\/p>\n","protected":false},"featured_media":6797,"template":"","meta":{"_acf_changed":false,"_et_pb_use_builder":"","_et_pb_old_content":"","_et_gb_content_width":"","_monsterinsights_skip_tracking":false,"_monsterinsights_sitenote_active":false,"_monsterinsights_sitenote_note":"","_monsterinsights_sitenote_category":0},"product_brand":[],"product_cat":[190,119],"product_tag":[389],"class_list":{"0":"post-6794","1":"product","2":"type-product","3":"status-publish","4":"has-post-thumbnail","6":"product_cat-accessoires-decorations","7":"product_cat-pot-ceramique","8":"product_tag-cfoc","10":"first","11":"instock","12":"shipping-taxable","13":"purchasable","14":"product-type-variable"},"acf":[],"aioseo_notices":[],"_links":{"self":[{"href":"https:\/\/claireambiance.com\/en\/wp-json\/wp\/v2\/product\/6794","targetHints":{"allow":["GET"]}}],"collection":[{"href":"https:\/\/claireambiance.com\/en\/wp-json\/wp\/v2\/product"}],"about":[{"href":"https:\/\/claireambiance.com\/en\/wp-json\/wp\/v2\/types\/product"}],"wp:featuredmedia":[{"embeddable":true,"href":"https:\/\/claireambiance.com\/en\/wp-json\/wp\/v2\/media\/6797"}],"wp:attachment":[{"href":"https:\/\/claireambiance.com\/en\/wp-json\/wp\/v2\/media?parent=6794"}],"wp:term":[{"taxonomy":"product_brand","embeddable":true,"href":"https:\/\/claireambiance.com\/en\/wp-json\/wp\/v2\/product_brand?post=6794"},{"taxonomy":"product_cat","embeddable":true,"href":"https:\/\/claireambiance.com\/en\/wp-json\/wp\/v2\/product_cat?post=6794"},{"taxonomy":"product_tag","embeddable":true,"href":"https:\/\/claireambiance.com\/en\/wp-json\/wp\/v2\/product_tag?post=6794"}],"curies":[{"name":"wp","href":"https:\/\/api.w.org\/{rel}","templated":true}]}}