{"id":6810,"date":"2022-12-23T16:26:58","date_gmt":"2022-12-23T15:26:58","guid":{"rendered":"https:\/\/new.claireambiance.com\/?post_type=product&#038;p=6810"},"modified":"2023-02-09T20:03:24","modified_gmt":"2023-02-09T19:03:24","slug":"tabouret-yixing","status":"publish","type":"product","link":"https:\/\/claireambiance.com\/en\/produit\/tabouret-yixing\/","title":{"rendered":"TABOURET YIXING JARDIN EN CERAMIQUE"},"content":{"rendered":"","protected":false},"excerpt":{"rendered":"<p>Quand la c\u00e9ramique des tabourets Yixing capte les rayons du soleil, elle devient encore plus brillante et \u00e9clatante. Ces tabourets sont fabriqu\u00e9s avec la terre du delta du Yangst\u00e9, dans la r\u00e9gion de Yixing en Chine. <\/p>\n","protected":false},"featured_media":9425,"template":"","meta":{"_acf_changed":false,"_et_pb_use_builder":"","_et_pb_old_content":"","_et_gb_content_width":"","_monsterinsights_skip_tracking":false,"_monsterinsights_sitenote_active":false,"_monsterinsights_sitenote_note":"","_monsterinsights_sitenote_category":0},"product_brand":[],"product_cat":[59,109],"product_tag":[389],"class_list":{"0":"post-6810","1":"product","2":"type-product","3":"status-publish","4":"has-post-thumbnail","6":"product_cat-assise","7":"product_cat-tabourets","8":"product_tag-cfoc","10":"first","11":"instock","12":"shipping-taxable","13":"purchasable","14":"product-type-simple"},"acf":[],"aioseo_notices":[],"_links":{"self":[{"href":"https:\/\/claireambiance.com\/en\/wp-json\/wp\/v2\/product\/6810","targetHints":{"allow":["GET"]}}],"collection":[{"href":"https:\/\/claireambiance.com\/en\/wp-json\/wp\/v2\/product"}],"about":[{"href":"https:\/\/claireambiance.com\/en\/wp-json\/wp\/v2\/types\/product"}],"wp:featuredmedia":[{"embeddable":true,"href":"https:\/\/claireambiance.com\/en\/wp-json\/wp\/v2\/media\/9425"}],"wp:attachment":[{"href":"https:\/\/claireambiance.com\/en\/wp-json\/wp\/v2\/media?parent=6810"}],"wp:term":[{"taxonomy":"product_brand","embeddable":true,"href":"https:\/\/claireambiance.com\/en\/wp-json\/wp\/v2\/product_brand?post=6810"},{"taxonomy":"product_cat","embeddable":true,"href":"https:\/\/claireambiance.com\/en\/wp-json\/wp\/v2\/product_cat?post=6810"},{"taxonomy":"product_tag","embeddable":true,"href":"https:\/\/claireambiance.com\/en\/wp-json\/wp\/v2\/product_tag?post=6810"}],"curies":[{"name":"wp","href":"https:\/\/api.w.org\/{rel}","templated":true}]}}