{"id":6874,"date":"2022-12-23T17:34:29","date_gmt":"2022-12-23T16:34:29","guid":{"rendered":"https:\/\/new.claireambiance.com\/?post_type=product&#038;p=6874"},"modified":"2023-02-08T15:40:10","modified_gmt":"2023-02-08T14:40:10","slug":"verre-borosilicate-frangipani","status":"publish","type":"product","link":"https:\/\/claireambiance.com\/en\/produit\/verre-borosilicate-frangipani\/","title":{"rendered":"VERRE BAS FRANGIPANI"},"content":{"rendered":"","protected":false},"excerpt":{"rendered":"<p>Fabriqu\u00e9e dans la r\u00e9gion de Dalian en Chine, la collection Frangipani se d\u00e9cline en verres, bols et assiettes bicolores, r\u00e9alis\u00e9s en verre borosilicate. Agr\u00e9able au toucher, cette mati\u00e8re, fine et l\u00e9g\u00e8re, est tr\u00e8s r\u00e9sistante.<\/p>\n","protected":false},"featured_media":6889,"template":"","meta":{"_acf_changed":false,"_et_pb_use_builder":"","_et_pb_old_content":"","_et_gb_content_width":"","_monsterinsights_skip_tracking":false,"_monsterinsights_sitenote_active":false,"_monsterinsights_sitenote_note":"","_monsterinsights_sitenote_category":0},"product_brand":[],"product_cat":[190,412],"product_tag":[389],"class_list":{"0":"post-6874","1":"product","2":"type-product","3":"status-publish","4":"has-post-thumbnail","6":"product_cat-accessoires-decorations","7":"product_cat-art-de-la-table","8":"product_tag-cfoc","10":"first","11":"instock","12":"shipping-taxable","13":"purchasable","14":"product-type-simple"},"acf":[],"aioseo_notices":[],"_links":{"self":[{"href":"https:\/\/claireambiance.com\/en\/wp-json\/wp\/v2\/product\/6874","targetHints":{"allow":["GET"]}}],"collection":[{"href":"https:\/\/claireambiance.com\/en\/wp-json\/wp\/v2\/product"}],"about":[{"href":"https:\/\/claireambiance.com\/en\/wp-json\/wp\/v2\/types\/product"}],"wp:featuredmedia":[{"embeddable":true,"href":"https:\/\/claireambiance.com\/en\/wp-json\/wp\/v2\/media\/6889"}],"wp:attachment":[{"href":"https:\/\/claireambiance.com\/en\/wp-json\/wp\/v2\/media?parent=6874"}],"wp:term":[{"taxonomy":"product_brand","embeddable":true,"href":"https:\/\/claireambiance.com\/en\/wp-json\/wp\/v2\/product_brand?post=6874"},{"taxonomy":"product_cat","embeddable":true,"href":"https:\/\/claireambiance.com\/en\/wp-json\/wp\/v2\/product_cat?post=6874"},{"taxonomy":"product_tag","embeddable":true,"href":"https:\/\/claireambiance.com\/en\/wp-json\/wp\/v2\/product_tag?post=6874"}],"curies":[{"name":"wp","href":"https:\/\/api.w.org\/{rel}","templated":true}]}}