{"id":6900,"date":"2022-12-23T18:01:39","date_gmt":"2022-12-23T17:01:39","guid":{"rendered":"https:\/\/new.claireambiance.com\/?post_type=product&#038;p=6900"},"modified":"2023-02-08T15:38:43","modified_gmt":"2023-02-08T14:38:43","slug":"assiette-plate-empreintes","status":"publish","type":"product","link":"https:\/\/claireambiance.com\/en\/produit\/assiette-plate-empreintes\/","title":{"rendered":"ASSIETTE PLATE EMPREINTES \u00d827.7cm"},"content":{"rendered":"","protected":false},"excerpt":{"rendered":"<p>Les assiettes Empreinte arborent des motifs ethniques. Cette collection au style singulier inspire le voyage et l&#8217;escapade. Ces assiettes ont \u00e9t\u00e9 con\u00e7ues pour durer, gr\u00e2ce \u00e0 leur design intemporel et \u00e0 la qualit\u00e9 de la c\u00e9ramique qui les compose.<\/p>\n","protected":false},"featured_media":6896,"template":"","meta":{"_acf_changed":false,"_et_pb_use_builder":"","_et_pb_old_content":"","_et_gb_content_width":"","_monsterinsights_skip_tracking":false,"_monsterinsights_sitenote_active":false,"_monsterinsights_sitenote_note":"","_monsterinsights_sitenote_category":0},"product_brand":[],"product_cat":[190,412],"product_tag":[199],"class_list":{"0":"post-6900","1":"product","2":"type-product","3":"status-publish","4":"has-post-thumbnail","6":"product_cat-accessoires-decorations","7":"product_cat-art-de-la-table","8":"product_tag-maison-sarah-lavoine","10":"first","11":"instock","12":"shipping-taxable","13":"purchasable","14":"product-type-simple"},"acf":[],"aioseo_notices":[],"_links":{"self":[{"href":"https:\/\/claireambiance.com\/en\/wp-json\/wp\/v2\/product\/6900","targetHints":{"allow":["GET"]}}],"collection":[{"href":"https:\/\/claireambiance.com\/en\/wp-json\/wp\/v2\/product"}],"about":[{"href":"https:\/\/claireambiance.com\/en\/wp-json\/wp\/v2\/types\/product"}],"wp:featuredmedia":[{"embeddable":true,"href":"https:\/\/claireambiance.com\/en\/wp-json\/wp\/v2\/media\/6896"}],"wp:attachment":[{"href":"https:\/\/claireambiance.com\/en\/wp-json\/wp\/v2\/media?parent=6900"}],"wp:term":[{"taxonomy":"product_brand","embeddable":true,"href":"https:\/\/claireambiance.com\/en\/wp-json\/wp\/v2\/product_brand?post=6900"},{"taxonomy":"product_cat","embeddable":true,"href":"https:\/\/claireambiance.com\/en\/wp-json\/wp\/v2\/product_cat?post=6900"},{"taxonomy":"product_tag","embeddable":true,"href":"https:\/\/claireambiance.com\/en\/wp-json\/wp\/v2\/product_tag?post=6900"}],"curies":[{"name":"wp","href":"https:\/\/api.w.org\/{rel}","templated":true}]}}