{"id":6914,"date":"2022-12-23T18:26:15","date_gmt":"2022-12-23T17:26:15","guid":{"rendered":"https:\/\/new.claireambiance.com\/?post_type=product&#038;p=6914"},"modified":"2023-02-08T15:37:27","modified_gmt":"2023-02-08T14:37:27","slug":"assiette-dessert-daria","status":"publish","type":"product","link":"https:\/\/claireambiance.com\/en\/produit\/assiette-dessert-daria\/","title":{"rendered":"ASSIETTE A DESSERT DARIA \u00d822cm"},"content":{"rendered":"","protected":false},"excerpt":{"rendered":"<p>Fa\u00e7onn\u00e9es artisanalement, ces pi\u00e8ces d\u00e9licates et contemporaines inspirent le voyage et l&#8217;\u00e9vasion gr\u00e2ce aux subtiles lignes dont elles se parent.<\/p>\n","protected":false},"featured_media":6976,"template":"","meta":{"_acf_changed":false,"_et_pb_use_builder":"","_et_pb_old_content":"","_et_gb_content_width":"","_monsterinsights_skip_tracking":false,"_monsterinsights_sitenote_active":false,"_monsterinsights_sitenote_note":"","_monsterinsights_sitenote_category":0},"product_brand":[],"product_cat":[190,412],"product_tag":[199],"class_list":{"0":"post-6914","1":"product","2":"type-product","3":"status-publish","4":"has-post-thumbnail","6":"product_cat-accessoires-decorations","7":"product_cat-art-de-la-table","8":"product_tag-maison-sarah-lavoine","10":"first","11":"instock","12":"shipping-taxable","13":"purchasable","14":"product-type-variable"},"acf":[],"aioseo_notices":[],"_links":{"self":[{"href":"https:\/\/claireambiance.com\/en\/wp-json\/wp\/v2\/product\/6914","targetHints":{"allow":["GET"]}}],"collection":[{"href":"https:\/\/claireambiance.com\/en\/wp-json\/wp\/v2\/product"}],"about":[{"href":"https:\/\/claireambiance.com\/en\/wp-json\/wp\/v2\/types\/product"}],"wp:featuredmedia":[{"embeddable":true,"href":"https:\/\/claireambiance.com\/en\/wp-json\/wp\/v2\/media\/6976"}],"wp:attachment":[{"href":"https:\/\/claireambiance.com\/en\/wp-json\/wp\/v2\/media?parent=6914"}],"wp:term":[{"taxonomy":"product_brand","embeddable":true,"href":"https:\/\/claireambiance.com\/en\/wp-json\/wp\/v2\/product_brand?post=6914"},{"taxonomy":"product_cat","embeddable":true,"href":"https:\/\/claireambiance.com\/en\/wp-json\/wp\/v2\/product_cat?post=6914"},{"taxonomy":"product_tag","embeddable":true,"href":"https:\/\/claireambiance.com\/en\/wp-json\/wp\/v2\/product_tag?post=6914"}],"curies":[{"name":"wp","href":"https:\/\/api.w.org\/{rel}","templated":true}]}}