{"id":6922,"date":"2022-12-23T18:36:31","date_gmt":"2022-12-23T17:36:31","guid":{"rendered":"https:\/\/new.claireambiance.com\/?post_type=product&#038;p=6922"},"modified":"2023-02-03T20:26:00","modified_gmt":"2023-02-03T19:26:00","slug":"assiette-creuse-esquisse","status":"publish","type":"product","link":"https:\/\/claireambiance.com\/en\/produit\/assiette-creuse-esquisse\/","title":{"rendered":"ASSIETTE CREUSE ESQUISSE \u00d821cm"},"content":{"rendered":"","protected":false},"excerpt":{"rendered":"<p>La collection Esquisse est compos\u00e9e de pi\u00e8ces uniques. Telle une toile vierge, la vaisselle Esquisse d\u00e9voile le geste de l&#8217;artisan et r\u00e9v\u00e8le toute sa couleur. Mixez les formats, les tailles et les coloris pour une table de caract\u00e8re.<\/p>\n","protected":false},"featured_media":6923,"template":"","meta":{"_acf_changed":false,"_et_pb_use_builder":"","_et_pb_old_content":"","_et_gb_content_width":"","_monsterinsights_skip_tracking":false,"_monsterinsights_sitenote_active":false,"_monsterinsights_sitenote_note":"","_monsterinsights_sitenote_category":0},"product_brand":[],"product_cat":[190,412],"product_tag":[199],"class_list":{"0":"post-6922","1":"product","2":"type-product","3":"status-publish","4":"has-post-thumbnail","6":"product_cat-accessoires-decorations","7":"product_cat-art-de-la-table","8":"product_tag-maison-sarah-lavoine","10":"first","11":"instock","12":"shipping-taxable","13":"purchasable","14":"product-type-simple"},"acf":[],"aioseo_notices":[],"_links":{"self":[{"href":"https:\/\/claireambiance.com\/en\/wp-json\/wp\/v2\/product\/6922","targetHints":{"allow":["GET"]}}],"collection":[{"href":"https:\/\/claireambiance.com\/en\/wp-json\/wp\/v2\/product"}],"about":[{"href":"https:\/\/claireambiance.com\/en\/wp-json\/wp\/v2\/types\/product"}],"wp:featuredmedia":[{"embeddable":true,"href":"https:\/\/claireambiance.com\/en\/wp-json\/wp\/v2\/media\/6923"}],"wp:attachment":[{"href":"https:\/\/claireambiance.com\/en\/wp-json\/wp\/v2\/media?parent=6922"}],"wp:term":[{"taxonomy":"product_brand","embeddable":true,"href":"https:\/\/claireambiance.com\/en\/wp-json\/wp\/v2\/product_brand?post=6922"},{"taxonomy":"product_cat","embeddable":true,"href":"https:\/\/claireambiance.com\/en\/wp-json\/wp\/v2\/product_cat?post=6922"},{"taxonomy":"product_tag","embeddable":true,"href":"https:\/\/claireambiance.com\/en\/wp-json\/wp\/v2\/product_tag?post=6922"}],"curies":[{"name":"wp","href":"https:\/\/api.w.org\/{rel}","templated":true}]}}