{"id":6938,"date":"2022-12-23T21:33:31","date_gmt":"2022-12-23T20:33:31","guid":{"rendered":"https:\/\/new.claireambiance.com\/?post_type=product&#038;p=6938"},"modified":"2023-02-08T20:18:44","modified_gmt":"2023-02-08T19:18:44","slug":"coussin-abstrait","status":"publish","type":"product","link":"https:\/\/claireambiance.com\/en\/produit\/coussin-abstrait\/","title":{"rendered":"COUSSIN ABSTRAIT &#8211; COTON"},"content":{"rendered":"","protected":false},"excerpt":{"rendered":"<p>Le coussin Abstrait comporte d\u2019envo\u00fbtantes formes, marqu\u00e9es par un liser\u00e9 noir et blanc contrastant.<\/p>\n","protected":false},"featured_media":6941,"template":"","meta":{"_acf_changed":false,"_et_pb_use_builder":"","_et_pb_old_content":"","_et_gb_content_width":"","_monsterinsights_skip_tracking":false,"_monsterinsights_sitenote_active":false,"_monsterinsights_sitenote_note":"","_monsterinsights_sitenote_category":0},"product_brand":[],"product_cat":[190,164],"product_tag":[199],"class_list":{"0":"post-6938","1":"product","2":"type-product","3":"status-publish","4":"has-post-thumbnail","6":"product_cat-accessoires-decorations","7":"product_cat-autres","8":"product_tag-maison-sarah-lavoine","10":"first","11":"instock","12":"shipping-taxable","13":"purchasable","14":"product-type-variable"},"acf":[],"aioseo_notices":[],"_links":{"self":[{"href":"https:\/\/claireambiance.com\/en\/wp-json\/wp\/v2\/product\/6938","targetHints":{"allow":["GET"]}}],"collection":[{"href":"https:\/\/claireambiance.com\/en\/wp-json\/wp\/v2\/product"}],"about":[{"href":"https:\/\/claireambiance.com\/en\/wp-json\/wp\/v2\/types\/product"}],"wp:featuredmedia":[{"embeddable":true,"href":"https:\/\/claireambiance.com\/en\/wp-json\/wp\/v2\/media\/6941"}],"wp:attachment":[{"href":"https:\/\/claireambiance.com\/en\/wp-json\/wp\/v2\/media?parent=6938"}],"wp:term":[{"taxonomy":"product_brand","embeddable":true,"href":"https:\/\/claireambiance.com\/en\/wp-json\/wp\/v2\/product_brand?post=6938"},{"taxonomy":"product_cat","embeddable":true,"href":"https:\/\/claireambiance.com\/en\/wp-json\/wp\/v2\/product_cat?post=6938"},{"taxonomy":"product_tag","embeddable":true,"href":"https:\/\/claireambiance.com\/en\/wp-json\/wp\/v2\/product_tag?post=6938"}],"curies":[{"name":"wp","href":"https:\/\/api.w.org\/{rel}","templated":true}]}}