{"id":736,"date":"2022-09-14T13:37:51","date_gmt":"2022-09-14T11:37:51","guid":{"rendered":"https:\/\/new.claireambiance.com\/?post_type=product&#038;p=736"},"modified":"2023-01-06T21:01:36","modified_gmt":"2023-01-06T20:01:36","slug":"salon-de-jardin-by-giovannoni","status":"publish","type":"product","link":"https:\/\/claireambiance.com\/en\/produit\/salon-de-jardin-by-giovannoni\/","title":{"rendered":"SALON DE JARDIN BY GIOVANNONI"},"content":{"rendered":"","protected":false},"excerpt":{"rendered":"<p>Ce Salon De Jardin fait partie d\u2019une collection bas\u00e9e sur des courbes rondes. Cette collection propose un ensemble de mobilier l\u00e9ger mais stable gr\u00e2ce \u00e0 un design bien d\u00e9fini et g\u00e9om\u00e9trique, comme s\u2019il \u00e9tait sculpt\u00e9 dans la pierre.<\/p>\n","protected":false},"featured_media":766,"template":"","meta":{"_acf_changed":false,"_et_pb_use_builder":"","_et_pb_old_content":"","_et_gb_content_width":"","_monsterinsights_skip_tracking":false,"_monsterinsights_sitenote_active":false,"_monsterinsights_sitenote_note":"","_monsterinsights_sitenote_category":0},"product_brand":[],"product_cat":[38,39],"product_tag":[105],"class_list":{"0":"post-736","1":"product","2":"type-product","3":"status-publish","4":"has-post-thumbnail","6":"product_cat-salons-exterieur","7":"product_cat-ultra-luxe","8":"product_tag-vondom","10":"first","11":"instock","12":"shipping-taxable","13":"purchasable","14":"product-type-variable"},"acf":[],"aioseo_notices":[],"_links":{"self":[{"href":"https:\/\/claireambiance.com\/en\/wp-json\/wp\/v2\/product\/736","targetHints":{"allow":["GET"]}}],"collection":[{"href":"https:\/\/claireambiance.com\/en\/wp-json\/wp\/v2\/product"}],"about":[{"href":"https:\/\/claireambiance.com\/en\/wp-json\/wp\/v2\/types\/product"}],"wp:featuredmedia":[{"embeddable":true,"href":"https:\/\/claireambiance.com\/en\/wp-json\/wp\/v2\/media\/766"}],"wp:attachment":[{"href":"https:\/\/claireambiance.com\/en\/wp-json\/wp\/v2\/media?parent=736"}],"wp:term":[{"taxonomy":"product_brand","embeddable":true,"href":"https:\/\/claireambiance.com\/en\/wp-json\/wp\/v2\/product_brand?post=736"},{"taxonomy":"product_cat","embeddable":true,"href":"https:\/\/claireambiance.com\/en\/wp-json\/wp\/v2\/product_cat?post=736"},{"taxonomy":"product_tag","embeddable":true,"href":"https:\/\/claireambiance.com\/en\/wp-json\/wp\/v2\/product_tag?post=736"}],"curies":[{"name":"wp","href":"https:\/\/api.w.org\/{rel}","templated":true}]}}