{"id":753,"date":"2022-09-14T13:37:52","date_gmt":"2022-09-14T11:37:52","guid":{"rendered":"https:\/\/new.claireambiance.com\/?post_type=product&#038;p=753"},"modified":"2022-12-16T10:49:36","modified_gmt":"2022-12-16T09:49:36","slug":"salon-riva","status":"publish","type":"product","link":"https:\/\/claireambiance.com\/en\/produit\/salon-riva\/","title":{"rendered":"SALON DE JARDIN RIVA"},"content":{"rendered":"","protected":false},"excerpt":{"rendered":"<p>Ce Salon de Jardin Riva &#8211; 1 Canap\u00e9 + 1 Fauteuil <strong>\u00a0<\/strong>s&#8217;identifie par son c\u00f4t\u00e9 tr\u00e8s chic, ses lignes \u00e9pur\u00e9es et son allure futuriste. ce salon de jardin fait partie d&#8217;une collection d&#8217;exception qui se caract\u00e9rise par un confort extr\u00eame et des formes graphiques.<\/p>\n","protected":false},"featured_media":774,"template":"","meta":{"_acf_changed":false,"_et_pb_use_builder":"","_et_pb_old_content":"","_et_gb_content_width":"","_monsterinsights_skip_tracking":false,"_monsterinsights_sitenote_active":false,"_monsterinsights_sitenote_note":"","_monsterinsights_sitenote_category":0},"product_brand":[],"product_cat":[38,39],"product_tag":[105],"class_list":{"0":"post-753","1":"product","2":"type-product","3":"status-publish","4":"has-post-thumbnail","6":"product_cat-salons-exterieur","7":"product_cat-ultra-luxe","8":"product_tag-vondom","10":"first","11":"instock","12":"shipping-taxable","13":"purchasable","14":"product-type-variable"},"acf":[],"aioseo_notices":[],"_links":{"self":[{"href":"https:\/\/claireambiance.com\/en\/wp-json\/wp\/v2\/product\/753","targetHints":{"allow":["GET"]}}],"collection":[{"href":"https:\/\/claireambiance.com\/en\/wp-json\/wp\/v2\/product"}],"about":[{"href":"https:\/\/claireambiance.com\/en\/wp-json\/wp\/v2\/types\/product"}],"wp:featuredmedia":[{"embeddable":true,"href":"https:\/\/claireambiance.com\/en\/wp-json\/wp\/v2\/media\/774"}],"wp:attachment":[{"href":"https:\/\/claireambiance.com\/en\/wp-json\/wp\/v2\/media?parent=753"}],"wp:term":[{"taxonomy":"product_brand","embeddable":true,"href":"https:\/\/claireambiance.com\/en\/wp-json\/wp\/v2\/product_brand?post=753"},{"taxonomy":"product_cat","embeddable":true,"href":"https:\/\/claireambiance.com\/en\/wp-json\/wp\/v2\/product_cat?post=753"},{"taxonomy":"product_tag","embeddable":true,"href":"https:\/\/claireambiance.com\/en\/wp-json\/wp\/v2\/product_tag?post=753"}],"curies":[{"name":"wp","href":"https:\/\/api.w.org\/{rel}","templated":true}]}}