{"id":7541,"date":"2022-12-28T17:08:16","date_gmt":"2022-12-28T16:08:16","guid":{"rendered":"https:\/\/new.claireambiance.com\/?post_type=product&#038;p=7541"},"modified":"2023-03-07T18:00:42","modified_gmt":"2023-03-07T17:00:42","slug":"canape-convertible-ghost","status":"publish","type":"product","link":"https:\/\/claireambiance.com\/en\/produit\/canape-convertible-ghost\/","title":{"rendered":"CANAP\u00c9 CONVERTIBLE GHOST"},"content":{"rendered":"","protected":false},"excerpt":{"rendered":"<p>La famille de canap\u00e9s-lits Ghost allie fonctionnalit\u00e9, confort et esth\u00e9tique. Il existe en de nombreuses dimensions.<\/p>\n","protected":false},"featured_media":9363,"template":"","meta":{"_acf_changed":false,"_et_pb_use_builder":"","_et_pb_old_content":"","_et_gb_content_width":"","_monsterinsights_skip_tracking":false,"_monsterinsights_sitenote_active":false,"_monsterinsights_sitenote_note":"","_monsterinsights_sitenote_category":0},"product_brand":[],"product_cat":[162,176],"product_tag":[159],"class_list":{"0":"post-7541","1":"product","2":"type-product","3":"status-publish","4":"has-post-thumbnail","6":"product_cat-canapes-et-salons-interieur","7":"product_cat-convertible","8":"product_tag-gervasoni","10":"first","11":"instock","12":"shipping-taxable","13":"purchasable","14":"product-type-variable"},"acf":[],"aioseo_notices":[],"_links":{"self":[{"href":"https:\/\/claireambiance.com\/en\/wp-json\/wp\/v2\/product\/7541","targetHints":{"allow":["GET"]}}],"collection":[{"href":"https:\/\/claireambiance.com\/en\/wp-json\/wp\/v2\/product"}],"about":[{"href":"https:\/\/claireambiance.com\/en\/wp-json\/wp\/v2\/types\/product"}],"wp:featuredmedia":[{"embeddable":true,"href":"https:\/\/claireambiance.com\/en\/wp-json\/wp\/v2\/media\/9363"}],"wp:attachment":[{"href":"https:\/\/claireambiance.com\/en\/wp-json\/wp\/v2\/media?parent=7541"}],"wp:term":[{"taxonomy":"product_brand","embeddable":true,"href":"https:\/\/claireambiance.com\/en\/wp-json\/wp\/v2\/product_brand?post=7541"},{"taxonomy":"product_cat","embeddable":true,"href":"https:\/\/claireambiance.com\/en\/wp-json\/wp\/v2\/product_cat?post=7541"},{"taxonomy":"product_tag","embeddable":true,"href":"https:\/\/claireambiance.com\/en\/wp-json\/wp\/v2\/product_tag?post=7541"}],"curies":[{"name":"wp","href":"https:\/\/api.w.org\/{rel}","templated":true}]}}