{"id":7572,"date":"2022-12-28T19:33:56","date_gmt":"2022-12-28T18:33:56","guid":{"rendered":"https:\/\/new.claireambiance.com\/?post_type=product&#038;p=7572"},"modified":"2023-02-28T21:02:34","modified_gmt":"2023-02-28T20:02:34","slug":"canape-ghost-paola-navone-85","status":"publish","type":"product","link":"https:\/\/claireambiance.com\/en\/produit\/canape-ghost-paola-navone-85\/","title":{"rendered":"CANAP\u00c9 GHOST PROFONDEUR 85"},"content":{"rendered":"","protected":false},"excerpt":{"rendered":"<p>Ghost, un canap\u00e9 qui se d\u00e9veloppe autour d\u2019une coque l\u00e9g\u00e8re aux volumes essentiels.<\/p>\n","protected":false},"featured_media":11502,"template":"","meta":{"_acf_changed":false,"_et_pb_use_builder":"","_et_pb_old_content":"","_et_gb_content_width":"","_monsterinsights_skip_tracking":false,"_monsterinsights_sitenote_active":false,"_monsterinsights_sitenote_note":"","_monsterinsights_sitenote_category":0},"product_brand":[],"product_cat":[162,178],"product_tag":[159],"class_list":{"0":"post-7572","1":"product","2":"type-product","3":"status-publish","4":"has-post-thumbnail","6":"product_cat-canapes-et-salons-interieur","7":"product_cat-classique","8":"product_tag-gervasoni","10":"first","11":"instock","12":"shipping-taxable","13":"purchasable","14":"product-type-variable"},"acf":[],"aioseo_notices":[],"_links":{"self":[{"href":"https:\/\/claireambiance.com\/en\/wp-json\/wp\/v2\/product\/7572","targetHints":{"allow":["GET"]}}],"collection":[{"href":"https:\/\/claireambiance.com\/en\/wp-json\/wp\/v2\/product"}],"about":[{"href":"https:\/\/claireambiance.com\/en\/wp-json\/wp\/v2\/types\/product"}],"wp:featuredmedia":[{"embeddable":true,"href":"https:\/\/claireambiance.com\/en\/wp-json\/wp\/v2\/media\/11502"}],"wp:attachment":[{"href":"https:\/\/claireambiance.com\/en\/wp-json\/wp\/v2\/media?parent=7572"}],"wp:term":[{"taxonomy":"product_brand","embeddable":true,"href":"https:\/\/claireambiance.com\/en\/wp-json\/wp\/v2\/product_brand?post=7572"},{"taxonomy":"product_cat","embeddable":true,"href":"https:\/\/claireambiance.com\/en\/wp-json\/wp\/v2\/product_cat?post=7572"},{"taxonomy":"product_tag","embeddable":true,"href":"https:\/\/claireambiance.com\/en\/wp-json\/wp\/v2\/product_tag?post=7572"}],"curies":[{"name":"wp","href":"https:\/\/api.w.org\/{rel}","templated":true}]}}