{"id":7593,"date":"2022-12-28T19:41:57","date_gmt":"2022-12-28T18:41:57","guid":{"rendered":"https:\/\/new.claireambiance.com\/?post_type=product&#038;p=7593"},"modified":"2023-02-28T20:51:32","modified_gmt":"2023-02-28T19:51:32","slug":"canape-ghost-paola-navone-130","status":"publish","type":"product","link":"https:\/\/claireambiance.com\/en\/produit\/canape-ghost-paola-navone-130\/","title":{"rendered":"CANAP\u00c9 GHOST PROFONDEUR 130"},"content":{"rendered":"","protected":false},"excerpt":{"rendered":"<p>Voici un le plus profond des canap\u00e9s GHOST : Canap\u00e9, rembourrage en mousse polyur\u00e9thanne, d\u00e9houssable.\u200e Trois coussins dossier en dacron et plume 80 x 80 cm, quatre 60 x 60 et quatre 50 x 50 cm; deux accoudoirs.\u200e<\/p>\n","protected":false},"featured_media":11474,"template":"","meta":{"_acf_changed":false,"_et_pb_use_builder":"on","_et_pb_old_content":"","_et_gb_content_width":"","_monsterinsights_skip_tracking":false,"_monsterinsights_sitenote_active":false,"_monsterinsights_sitenote_note":"","_monsterinsights_sitenote_category":0},"product_brand":[],"product_cat":[162,178],"product_tag":[159],"class_list":{"0":"post-7593","1":"product","2":"type-product","3":"status-publish","4":"has-post-thumbnail","6":"product_cat-canapes-et-salons-interieur","7":"product_cat-classique","8":"product_tag-gervasoni","10":"first","11":"instock","12":"shipping-taxable","13":"purchasable","14":"product-type-variable"},"acf":[],"aioseo_notices":[],"_links":{"self":[{"href":"https:\/\/claireambiance.com\/en\/wp-json\/wp\/v2\/product\/7593","targetHints":{"allow":["GET"]}}],"collection":[{"href":"https:\/\/claireambiance.com\/en\/wp-json\/wp\/v2\/product"}],"about":[{"href":"https:\/\/claireambiance.com\/en\/wp-json\/wp\/v2\/types\/product"}],"wp:featuredmedia":[{"embeddable":true,"href":"https:\/\/claireambiance.com\/en\/wp-json\/wp\/v2\/media\/11474"}],"wp:attachment":[{"href":"https:\/\/claireambiance.com\/en\/wp-json\/wp\/v2\/media?parent=7593"}],"wp:term":[{"taxonomy":"product_brand","embeddable":true,"href":"https:\/\/claireambiance.com\/en\/wp-json\/wp\/v2\/product_brand?post=7593"},{"taxonomy":"product_cat","embeddable":true,"href":"https:\/\/claireambiance.com\/en\/wp-json\/wp\/v2\/product_cat?post=7593"},{"taxonomy":"product_tag","embeddable":true,"href":"https:\/\/claireambiance.com\/en\/wp-json\/wp\/v2\/product_tag?post=7593"}],"curies":[{"name":"wp","href":"https:\/\/api.w.org\/{rel}","templated":true}]}}