{"id":7606,"date":"2022-12-28T20:16:42","date_gmt":"2022-12-28T19:16:42","guid":{"rendered":"https:\/\/new.claireambiance.com\/?post_type=product&#038;p=7606"},"modified":"2023-02-28T19:52:27","modified_gmt":"2023-02-28T18:52:27","slug":"canape-loll-16-by-paola-navone","status":"publish","type":"product","link":"https:\/\/claireambiance.com\/en\/produit\/canape-loll-16-by-paola-navone\/","title":{"rendered":"CANAPE LOLL 16 By Paola Navone"},"content":{"rendered":"","protected":false},"excerpt":{"rendered":"<p>Canap\u00e9 profond, structure en bois massif recouverte de polyur\u00e9thane expans\u00e9 \u00e0 densit\u00e9 diff\u00e9renci\u00e9e et de haute densit\u00e9.\u200e Coussins d\u2019assise en plume d\u2019oie cloisonn\u00e9e avec insert central en polyur\u00e9thane expans\u00e9 \u00e0 densit\u00e9 diff\u00e9renci\u00e9e haute r\u00e9silience et ressorts ensach\u00e9s.\u200e Deux coussins de dossier et deux cale-reins en plume d\u2019oie cloisonn\u00e9e et fibres de polyester.\u200e Tissus d\u00e9houssables.\u200e<\/p>\n","protected":false},"featured_media":11385,"template":"","meta":{"_acf_changed":false,"_et_pb_use_builder":"","_et_pb_old_content":"","_et_gb_content_width":"","_monsterinsights_skip_tracking":false,"_monsterinsights_sitenote_active":false,"_monsterinsights_sitenote_note":"","_monsterinsights_sitenote_category":0},"product_brand":[],"product_cat":[162,178],"product_tag":[159],"class_list":{"0":"post-7606","1":"product","2":"type-product","3":"status-publish","4":"has-post-thumbnail","6":"product_cat-canapes-et-salons-interieur","7":"product_cat-classique","8":"product_tag-gervasoni","10":"first","11":"instock","12":"shipping-taxable","13":"purchasable","14":"product-type-simple"},"acf":[],"aioseo_notices":[],"_links":{"self":[{"href":"https:\/\/claireambiance.com\/en\/wp-json\/wp\/v2\/product\/7606","targetHints":{"allow":["GET"]}}],"collection":[{"href":"https:\/\/claireambiance.com\/en\/wp-json\/wp\/v2\/product"}],"about":[{"href":"https:\/\/claireambiance.com\/en\/wp-json\/wp\/v2\/types\/product"}],"wp:featuredmedia":[{"embeddable":true,"href":"https:\/\/claireambiance.com\/en\/wp-json\/wp\/v2\/media\/11385"}],"wp:attachment":[{"href":"https:\/\/claireambiance.com\/en\/wp-json\/wp\/v2\/media?parent=7606"}],"wp:term":[{"taxonomy":"product_brand","embeddable":true,"href":"https:\/\/claireambiance.com\/en\/wp-json\/wp\/v2\/product_brand?post=7606"},{"taxonomy":"product_cat","embeddable":true,"href":"https:\/\/claireambiance.com\/en\/wp-json\/wp\/v2\/product_cat?post=7606"},{"taxonomy":"product_tag","embeddable":true,"href":"https:\/\/claireambiance.com\/en\/wp-json\/wp\/v2\/product_tag?post=7606"}],"curies":[{"name":"wp","href":"https:\/\/api.w.org\/{rel}","templated":true}]}}