{"id":7615,"date":"2022-12-28T20:26:57","date_gmt":"2022-12-28T19:26:57","guid":{"rendered":"https:\/\/new.claireambiance.com\/?post_type=product&#038;p=7615"},"modified":"2023-02-10T18:54:55","modified_gmt":"2023-02-10T17:54:55","slug":"canape-loll-modulable","status":"publish","type":"product","link":"https:\/\/claireambiance.com\/en\/produit\/canape-loll-modulable\/","title":{"rendered":"CANAP\u00c9 LOLL MODULABLE"},"content":{"rendered":"","protected":false},"excerpt":{"rendered":"<p>Les modules de diff\u00e9rentes formes et les \u00e9l\u00e9ments d\u2019angle particuliers de la famille de canap\u00e9s LOLL vous permettent de cr\u00e9er des configurations toujours nouvelles.<\/p>\n","protected":false},"featured_media":7618,"template":"","meta":{"_acf_changed":false,"_et_pb_use_builder":"","_et_pb_old_content":"","_et_gb_content_width":"","_monsterinsights_skip_tracking":false,"_monsterinsights_sitenote_active":false,"_monsterinsights_sitenote_note":"","_monsterinsights_sitenote_category":0},"product_brand":[],"product_cat":[162,177],"product_tag":[159],"class_list":{"0":"post-7615","1":"product","2":"type-product","3":"status-publish","4":"has-post-thumbnail","6":"product_cat-canapes-et-salons-interieur","7":"product_cat-modulable","8":"product_tag-gervasoni","10":"first","11":"instock","12":"shipping-taxable","13":"purchasable","14":"product-type-simple"},"acf":[],"aioseo_notices":[],"_links":{"self":[{"href":"https:\/\/claireambiance.com\/en\/wp-json\/wp\/v2\/product\/7615","targetHints":{"allow":["GET"]}}],"collection":[{"href":"https:\/\/claireambiance.com\/en\/wp-json\/wp\/v2\/product"}],"about":[{"href":"https:\/\/claireambiance.com\/en\/wp-json\/wp\/v2\/types\/product"}],"wp:featuredmedia":[{"embeddable":true,"href":"https:\/\/claireambiance.com\/en\/wp-json\/wp\/v2\/media\/7618"}],"wp:attachment":[{"href":"https:\/\/claireambiance.com\/en\/wp-json\/wp\/v2\/media?parent=7615"}],"wp:term":[{"taxonomy":"product_brand","embeddable":true,"href":"https:\/\/claireambiance.com\/en\/wp-json\/wp\/v2\/product_brand?post=7615"},{"taxonomy":"product_cat","embeddable":true,"href":"https:\/\/claireambiance.com\/en\/wp-json\/wp\/v2\/product_cat?post=7615"},{"taxonomy":"product_tag","embeddable":true,"href":"https:\/\/claireambiance.com\/en\/wp-json\/wp\/v2\/product_tag?post=7615"}],"curies":[{"name":"wp","href":"https:\/\/api.w.org\/{rel}","templated":true}]}}