{"id":7798,"date":"2023-01-04T14:00:18","date_gmt":"2023-01-04T13:00:18","guid":{"rendered":"https:\/\/new.claireambiance.com\/?post_type=product&#038;p=7798"},"modified":"2023-02-09T19:46:58","modified_gmt":"2023-02-09T18:46:58","slug":"africa-lounge-chair","status":"publish","type":"product","link":"https:\/\/claireambiance.com\/en\/produit\/africa-lounge-chair\/","title":{"rendered":"CHAISE AFRICA BUTACA LOUNGE"},"content":{"rendered":"","protected":false},"excerpt":{"rendered":"<p>Une collection qui est n\u00e9e avec le mod\u00e8le best-seller de la chaise AFRICA et qui continue de cro\u00eetre, en suivant la m\u00eame solution de confort et l&#8217;esth\u00e9tique la plus raffin\u00e9e et minimaliste.<\/p>\n","protected":false},"featured_media":9421,"template":"","meta":{"_acf_changed":false,"_et_pb_use_builder":"","_et_pb_old_content":"","_et_gb_content_width":"","_monsterinsights_skip_tracking":false,"_monsterinsights_sitenote_active":false,"_monsterinsights_sitenote_note":"","_monsterinsights_sitenote_category":0},"product_brand":[],"product_cat":[59,62],"product_tag":[105],"class_list":{"0":"post-7798","1":"product","2":"type-product","3":"status-publish","4":"has-post-thumbnail","6":"product_cat-assise","7":"product_cat-chaises","8":"product_tag-vondom","10":"first","11":"instock","12":"shipping-taxable","13":"purchasable","14":"product-type-variable"},"acf":[],"aioseo_notices":[],"_links":{"self":[{"href":"https:\/\/claireambiance.com\/en\/wp-json\/wp\/v2\/product\/7798","targetHints":{"allow":["GET"]}}],"collection":[{"href":"https:\/\/claireambiance.com\/en\/wp-json\/wp\/v2\/product"}],"about":[{"href":"https:\/\/claireambiance.com\/en\/wp-json\/wp\/v2\/types\/product"}],"wp:featuredmedia":[{"embeddable":true,"href":"https:\/\/claireambiance.com\/en\/wp-json\/wp\/v2\/media\/9421"}],"wp:attachment":[{"href":"https:\/\/claireambiance.com\/en\/wp-json\/wp\/v2\/media?parent=7798"}],"wp:term":[{"taxonomy":"product_brand","embeddable":true,"href":"https:\/\/claireambiance.com\/en\/wp-json\/wp\/v2\/product_brand?post=7798"},{"taxonomy":"product_cat","embeddable":true,"href":"https:\/\/claireambiance.com\/en\/wp-json\/wp\/v2\/product_cat?post=7798"},{"taxonomy":"product_tag","embeddable":true,"href":"https:\/\/claireambiance.com\/en\/wp-json\/wp\/v2\/product_tag?post=7798"}],"curies":[{"name":"wp","href":"https:\/\/api.w.org\/{rel}","templated":true}]}}