{"id":7805,"date":"2023-01-04T14:02:09","date_gmt":"2023-01-04T13:02:09","guid":{"rendered":"https:\/\/new.claireambiance.com\/?post_type=product&#038;p=7805"},"modified":"2023-02-10T19:15:57","modified_gmt":"2023-02-10T18:15:57","slug":"africa-sun-lounger","status":"publish","type":"product","link":"https:\/\/claireambiance.com\/en\/produit\/africa-sun-lounger\/","title":{"rendered":"AFRICA SUN LOUNGER"},"content":{"rendered":"","protected":false},"excerpt":{"rendered":"<p>Le bain de soleil Sun Lounger Africa est une chaise longue de luxe \u00e9l\u00e9gante qui suit une philosophie de simplicit\u00e9 gr\u00e2ce \u00e0 son design \u00e9pur\u00e9.<\/p>\n","protected":false},"featured_media":7808,"template":"","meta":{"_acf_changed":false,"_et_pb_use_builder":"","_et_pb_old_content":"","_et_gb_content_width":"","_monsterinsights_skip_tracking":false,"_monsterinsights_sitenote_active":false,"_monsterinsights_sitenote_note":"","_monsterinsights_sitenote_category":0},"product_brand":[],"product_cat":[88],"product_tag":[105],"class_list":{"0":"post-7805","1":"product","2":"type-product","3":"status-publish","4":"has-post-thumbnail","6":"product_cat-daybed-bain-de-soleil","7":"product_tag-vondom","9":"first","10":"instock","11":"shipping-taxable","12":"purchasable","13":"product-type-variable"},"acf":[],"aioseo_notices":[],"_links":{"self":[{"href":"https:\/\/claireambiance.com\/en\/wp-json\/wp\/v2\/product\/7805","targetHints":{"allow":["GET"]}}],"collection":[{"href":"https:\/\/claireambiance.com\/en\/wp-json\/wp\/v2\/product"}],"about":[{"href":"https:\/\/claireambiance.com\/en\/wp-json\/wp\/v2\/types\/product"}],"wp:featuredmedia":[{"embeddable":true,"href":"https:\/\/claireambiance.com\/en\/wp-json\/wp\/v2\/media\/7808"}],"wp:attachment":[{"href":"https:\/\/claireambiance.com\/en\/wp-json\/wp\/v2\/media?parent=7805"}],"wp:term":[{"taxonomy":"product_brand","embeddable":true,"href":"https:\/\/claireambiance.com\/en\/wp-json\/wp\/v2\/product_brand?post=7805"},{"taxonomy":"product_cat","embeddable":true,"href":"https:\/\/claireambiance.com\/en\/wp-json\/wp\/v2\/product_cat?post=7805"},{"taxonomy":"product_tag","embeddable":true,"href":"https:\/\/claireambiance.com\/en\/wp-json\/wp\/v2\/product_tag?post=7805"}],"curies":[{"name":"wp","href":"https:\/\/api.w.org\/{rel}","templated":true}]}}