{"id":781,"date":"2022-09-14T13:37:57","date_gmt":"2022-09-14T11:37:57","guid":{"rendered":"https:\/\/new.claireambiance.com\/?post_type=product&#038;p=781"},"modified":"2023-02-15T21:05:37","modified_gmt":"2023-02-15T20:05:37","slug":"salon-bubble","status":"publish","type":"product","link":"https:\/\/claireambiance.com\/en\/produit\/salon-bubble\/","title":{"rendered":"SALON DE JARDIN BUBBLE"},"content":{"rendered":"","protected":false},"excerpt":{"rendered":"<p>Ce salon de jardin Bubble se distingue par son look \u00e9l\u00e9gant, simple et \u00e0 la fois ultra moderne. Imagin\u00e9 par le designer <i>Stefano Giovannoni<\/i>, ce\u00a0salon de jardin fait partie d&#8217;une collection bas\u00e9e sur une synergie entre naturel et paysage artificiel.<\/p>\n","protected":false},"featured_media":809,"template":"","meta":{"_acf_changed":false,"_et_pb_use_builder":"","_et_pb_old_content":"","_et_gb_content_width":"","_monsterinsights_skip_tracking":false,"_monsterinsights_sitenote_active":false,"_monsterinsights_sitenote_note":"","_monsterinsights_sitenote_category":0},"product_brand":[],"product_cat":[57,38],"product_tag":[105],"class_list":{"0":"post-781","1":"product","2":"type-product","3":"status-publish","4":"has-post-thumbnail","6":"product_cat-indispensables","7":"product_cat-salons-exterieur","8":"product_tag-vondom","10":"first","11":"instock","12":"shipping-taxable","13":"purchasable","14":"product-type-variable"},"acf":[],"aioseo_notices":[],"_links":{"self":[{"href":"https:\/\/claireambiance.com\/en\/wp-json\/wp\/v2\/product\/781","targetHints":{"allow":["GET"]}}],"collection":[{"href":"https:\/\/claireambiance.com\/en\/wp-json\/wp\/v2\/product"}],"about":[{"href":"https:\/\/claireambiance.com\/en\/wp-json\/wp\/v2\/types\/product"}],"wp:featuredmedia":[{"embeddable":true,"href":"https:\/\/claireambiance.com\/en\/wp-json\/wp\/v2\/media\/809"}],"wp:attachment":[{"href":"https:\/\/claireambiance.com\/en\/wp-json\/wp\/v2\/media?parent=781"}],"wp:term":[{"taxonomy":"product_brand","embeddable":true,"href":"https:\/\/claireambiance.com\/en\/wp-json\/wp\/v2\/product_brand?post=781"},{"taxonomy":"product_cat","embeddable":true,"href":"https:\/\/claireambiance.com\/en\/wp-json\/wp\/v2\/product_cat?post=781"},{"taxonomy":"product_tag","embeddable":true,"href":"https:\/\/claireambiance.com\/en\/wp-json\/wp\/v2\/product_tag?post=781"}],"curies":[{"name":"wp","href":"https:\/\/api.w.org\/{rel}","templated":true}]}}