{"id":7883,"date":"2023-01-05T14:51:42","date_gmt":"2023-01-05T13:51:42","guid":{"rendered":"https:\/\/new.claireambiance.com\/?post_type=product&#038;p=7883"},"modified":"2023-02-27T18:12:00","modified_gmt":"2023-02-27T17:12:00","slug":"baby-foot-stella-champion","status":"publish","type":"product","link":"https:\/\/claireambiance.com\/en\/produit\/baby-foot-stella-champion\/","title":{"rendered":"BABY-FOOT CHAMPION OUTDOOR"},"content":{"rendered":"","protected":false},"excerpt":{"rendered":"<p>Vous vous demandez quel est le baby-foot embl\u00e9matique de la marque Stella ? Cette p\u00e9pite, le baby le plus authentique fabriqu\u00e9 dans leurs ateliers ? Le mythique Champion.<\/p>\n","protected":false},"featured_media":11064,"template":"","meta":{"_acf_changed":false,"_et_pb_use_builder":"","_et_pb_old_content":"","_et_gb_content_width":"","_monsterinsights_skip_tracking":false,"_monsterinsights_sitenote_active":false,"_monsterinsights_sitenote_note":"","_monsterinsights_sitenote_category":0},"product_brand":[],"product_cat":[190,164],"product_tag":[558],"class_list":{"0":"post-7883","1":"product","2":"type-product","3":"status-publish","4":"has-post-thumbnail","6":"product_cat-accessoires-decorations","7":"product_cat-autres","8":"product_tag-stella","10":"first","11":"instock","12":"shipping-taxable","13":"purchasable","14":"product-type-simple"},"acf":[],"aioseo_notices":[],"_links":{"self":[{"href":"https:\/\/claireambiance.com\/en\/wp-json\/wp\/v2\/product\/7883","targetHints":{"allow":["GET"]}}],"collection":[{"href":"https:\/\/claireambiance.com\/en\/wp-json\/wp\/v2\/product"}],"about":[{"href":"https:\/\/claireambiance.com\/en\/wp-json\/wp\/v2\/types\/product"}],"wp:featuredmedia":[{"embeddable":true,"href":"https:\/\/claireambiance.com\/en\/wp-json\/wp\/v2\/media\/11064"}],"wp:attachment":[{"href":"https:\/\/claireambiance.com\/en\/wp-json\/wp\/v2\/media?parent=7883"}],"wp:term":[{"taxonomy":"product_brand","embeddable":true,"href":"https:\/\/claireambiance.com\/en\/wp-json\/wp\/v2\/product_brand?post=7883"},{"taxonomy":"product_cat","embeddable":true,"href":"https:\/\/claireambiance.com\/en\/wp-json\/wp\/v2\/product_cat?post=7883"},{"taxonomy":"product_tag","embeddable":true,"href":"https:\/\/claireambiance.com\/en\/wp-json\/wp\/v2\/product_tag?post=7883"}],"curies":[{"name":"wp","href":"https:\/\/api.w.org\/{rel}","templated":true}]}}