{"id":7902,"date":"2023-01-05T16:19:46","date_gmt":"2023-01-05T15:19:46","guid":{"rendered":"https:\/\/new.claireambiance.com\/?post_type=product&#038;p=7902"},"modified":"2023-02-28T21:47:13","modified_gmt":"2023-02-28T20:47:13","slug":"sun-lounger-cloe","status":"publish","type":"product","link":"https:\/\/claireambiance.com\/en\/produit\/sun-lounger-cloe\/","title":{"rendered":"SUN LOUNGER CLOE"},"content":{"rendered":"","protected":false},"excerpt":{"rendered":"<p>Bain de soleil con\u00e7u comme synonyme de confort et de d\u00e9tente, Cloe doit sa conception \u00e0 une \u00e9tude ergonomique approfondie visant \u00e0 cr\u00e9er un objet doux et accueillant, tout en courbes et sans bords, un exemple essentiel de la chaise longue id\u00e9ale.<\/p>\n","protected":false},"featured_media":7903,"template":"","meta":{"_acf_changed":false,"_et_pb_use_builder":"","_et_pb_old_content":"","_et_gb_content_width":"","_monsterinsights_skip_tracking":false,"_monsterinsights_sitenote_active":false,"_monsterinsights_sitenote_note":"","_monsterinsights_sitenote_category":0},"product_brand":[],"product_cat":[88],"product_tag":[562],"class_list":{"0":"post-7902","1":"product","2":"type-product","3":"status-publish","4":"has-post-thumbnail","6":"product_cat-daybed-bain-de-soleil","7":"product_tag-myyour","9":"first","10":"instock","11":"shipping-taxable","12":"purchasable","13":"product-type-variable"},"acf":[],"aioseo_notices":[],"_links":{"self":[{"href":"https:\/\/claireambiance.com\/en\/wp-json\/wp\/v2\/product\/7902","targetHints":{"allow":["GET"]}}],"collection":[{"href":"https:\/\/claireambiance.com\/en\/wp-json\/wp\/v2\/product"}],"about":[{"href":"https:\/\/claireambiance.com\/en\/wp-json\/wp\/v2\/types\/product"}],"wp:featuredmedia":[{"embeddable":true,"href":"https:\/\/claireambiance.com\/en\/wp-json\/wp\/v2\/media\/7903"}],"wp:attachment":[{"href":"https:\/\/claireambiance.com\/en\/wp-json\/wp\/v2\/media?parent=7902"}],"wp:term":[{"taxonomy":"product_brand","embeddable":true,"href":"https:\/\/claireambiance.com\/en\/wp-json\/wp\/v2\/product_brand?post=7902"},{"taxonomy":"product_cat","embeddable":true,"href":"https:\/\/claireambiance.com\/en\/wp-json\/wp\/v2\/product_cat?post=7902"},{"taxonomy":"product_tag","embeddable":true,"href":"https:\/\/claireambiance.com\/en\/wp-json\/wp\/v2\/product_tag?post=7902"}],"curies":[{"name":"wp","href":"https:\/\/api.w.org\/{rel}","templated":true}]}}