{"id":7931,"date":"2023-01-05T17:23:15","date_gmt":"2023-01-05T16:23:15","guid":{"rendered":"https:\/\/new.claireambiance.com\/?post_type=product&#038;p=7931"},"modified":"2023-02-10T20:51:07","modified_gmt":"2023-02-10T19:51:07","slug":"lampe-hollywood","status":"publish","type":"product","link":"https:\/\/claireambiance.com\/en\/produit\/lampe-hollywood\/","title":{"rendered":"LAMPE HOLLYWOOD"},"content":{"rendered":"","protected":false},"excerpt":{"rendered":"<p>Lampe au design iconique et reconnaissable, avec une forte identit\u00e9 et unique en son genre, la lampe Hollywood caract\u00e9rise chaque lieu gr\u00e2ce \u00e0 son impact sc\u00e9nique \u00e9vocateur.<\/p>\n","protected":false},"featured_media":7936,"template":"","meta":{"_acf_changed":false,"_et_pb_use_builder":"","_et_pb_old_content":"","_et_gb_content_width":"","_monsterinsights_skip_tracking":false,"_monsterinsights_sitenote_active":false,"_monsterinsights_sitenote_note":"","_monsterinsights_sitenote_category":0},"product_brand":[],"product_cat":[206,140],"product_tag":[562],"class_list":{"0":"post-7931","1":"product","2":"type-product","3":"status-publish","4":"has-post-thumbnail","6":"product_cat-lampadaires","7":"product_cat-luminaires","8":"product_tag-myyour","10":"first","11":"instock","12":"shipping-taxable","13":"purchasable","14":"product-type-simple"},"acf":[],"aioseo_notices":[],"_links":{"self":[{"href":"https:\/\/claireambiance.com\/en\/wp-json\/wp\/v2\/product\/7931","targetHints":{"allow":["GET"]}}],"collection":[{"href":"https:\/\/claireambiance.com\/en\/wp-json\/wp\/v2\/product"}],"about":[{"href":"https:\/\/claireambiance.com\/en\/wp-json\/wp\/v2\/types\/product"}],"wp:featuredmedia":[{"embeddable":true,"href":"https:\/\/claireambiance.com\/en\/wp-json\/wp\/v2\/media\/7936"}],"wp:attachment":[{"href":"https:\/\/claireambiance.com\/en\/wp-json\/wp\/v2\/media?parent=7931"}],"wp:term":[{"taxonomy":"product_brand","embeddable":true,"href":"https:\/\/claireambiance.com\/en\/wp-json\/wp\/v2\/product_brand?post=7931"},{"taxonomy":"product_cat","embeddable":true,"href":"https:\/\/claireambiance.com\/en\/wp-json\/wp\/v2\/product_cat?post=7931"},{"taxonomy":"product_tag","embeddable":true,"href":"https:\/\/claireambiance.com\/en\/wp-json\/wp\/v2\/product_tag?post=7931"}],"curies":[{"name":"wp","href":"https:\/\/api.w.org\/{rel}","templated":true}]}}