{"id":7949,"date":"2023-01-05T17:28:00","date_gmt":"2023-01-05T16:28:00","guid":{"rendered":"https:\/\/new.claireambiance.com\/?post_type=product&#038;p=7949"},"modified":"2023-02-10T20:54:15","modified_gmt":"2023-02-10T19:54:15","slug":"suspension-nefos","status":"publish","type":"product","link":"https:\/\/claireambiance.com\/en\/produit\/suspension-nefos\/","title":{"rendered":"SUSPENSION NEFOS"},"content":{"rendered":"","protected":false},"excerpt":{"rendered":"<p>Aussi surprenante que singuli\u00e8re, la suspension ext\u00e9rieure ou int\u00e9rieure NEFOS en forme de nuage \u00e9clairera avec originalit\u00e9 votre table de repas ou de salon.<\/p>\n","protected":false},"featured_media":7979,"template":"","meta":{"_acf_changed":false,"_et_pb_use_builder":"","_et_pb_old_content":"","_et_gb_content_width":"","_monsterinsights_skip_tracking":false,"_monsterinsights_sitenote_active":false,"_monsterinsights_sitenote_note":"","_monsterinsights_sitenote_category":0},"product_brand":[],"product_cat":[140,24],"product_tag":[562],"class_list":{"0":"post-7949","1":"product","2":"type-product","3":"status-publish","4":"has-post-thumbnail","6":"product_cat-luminaires","7":"product_cat-suspensions","8":"product_tag-myyour","10":"first","11":"instock","12":"shipping-taxable","13":"purchasable","14":"product-type-variable"},"acf":[],"aioseo_notices":[],"_links":{"self":[{"href":"https:\/\/claireambiance.com\/en\/wp-json\/wp\/v2\/product\/7949","targetHints":{"allow":["GET"]}}],"collection":[{"href":"https:\/\/claireambiance.com\/en\/wp-json\/wp\/v2\/product"}],"about":[{"href":"https:\/\/claireambiance.com\/en\/wp-json\/wp\/v2\/types\/product"}],"wp:featuredmedia":[{"embeddable":true,"href":"https:\/\/claireambiance.com\/en\/wp-json\/wp\/v2\/media\/7979"}],"wp:attachment":[{"href":"https:\/\/claireambiance.com\/en\/wp-json\/wp\/v2\/media?parent=7949"}],"wp:term":[{"taxonomy":"product_brand","embeddable":true,"href":"https:\/\/claireambiance.com\/en\/wp-json\/wp\/v2\/product_brand?post=7949"},{"taxonomy":"product_cat","embeddable":true,"href":"https:\/\/claireambiance.com\/en\/wp-json\/wp\/v2\/product_cat?post=7949"},{"taxonomy":"product_tag","embeddable":true,"href":"https:\/\/claireambiance.com\/en\/wp-json\/wp\/v2\/product_tag?post=7949"}],"curies":[{"name":"wp","href":"https:\/\/api.w.org\/{rel}","templated":true}]}}