{"id":7981,"date":"2023-01-05T19:33:29","date_gmt":"2023-01-05T18:33:29","guid":{"rendered":"https:\/\/new.claireambiance.com\/?post_type=product&#038;p=7981"},"modified":"2023-02-10T20:50:04","modified_gmt":"2023-02-10T19:50:04","slug":"lampe-agatha","status":"publish","type":"product","link":"https:\/\/claireambiance.com\/en\/produit\/lampe-agatha\/","title":{"rendered":"LAMPE AGATA EN POLEASY\u00ae"},"content":{"rendered":"","protected":false},"excerpt":{"rendered":"<p>Un hommage \u00e0 la tradition mais avec une technologie de production moderne: c&#8217;est l&#8217;id\u00e9e qui a conduit \u00e0 la d\u00e9cision de cr\u00e9er un<br \/>\nlampe qui est l&#8217;arch\u00e9type des lampadaires classiques avec abat-jour.<\/p>\n","protected":false},"featured_media":9087,"template":"","meta":{"_acf_changed":false,"_et_pb_use_builder":"","_et_pb_old_content":"","_et_gb_content_width":"","_monsterinsights_skip_tracking":false,"_monsterinsights_sitenote_active":false,"_monsterinsights_sitenote_note":"","_monsterinsights_sitenote_category":0},"product_brand":[],"product_cat":[206,140],"product_tag":[562],"class_list":{"0":"post-7981","1":"product","2":"type-product","3":"status-publish","4":"has-post-thumbnail","6":"product_cat-lampadaires","7":"product_cat-luminaires","8":"product_tag-myyour","10":"first","11":"instock","12":"shipping-taxable","13":"purchasable","14":"product-type-variable"},"acf":[],"aioseo_notices":[],"_links":{"self":[{"href":"https:\/\/claireambiance.com\/en\/wp-json\/wp\/v2\/product\/7981","targetHints":{"allow":["GET"]}}],"collection":[{"href":"https:\/\/claireambiance.com\/en\/wp-json\/wp\/v2\/product"}],"about":[{"href":"https:\/\/claireambiance.com\/en\/wp-json\/wp\/v2\/types\/product"}],"wp:featuredmedia":[{"embeddable":true,"href":"https:\/\/claireambiance.com\/en\/wp-json\/wp\/v2\/media\/9087"}],"wp:attachment":[{"href":"https:\/\/claireambiance.com\/en\/wp-json\/wp\/v2\/media?parent=7981"}],"wp:term":[{"taxonomy":"product_brand","embeddable":true,"href":"https:\/\/claireambiance.com\/en\/wp-json\/wp\/v2\/product_brand?post=7981"},{"taxonomy":"product_cat","embeddable":true,"href":"https:\/\/claireambiance.com\/en\/wp-json\/wp\/v2\/product_cat?post=7981"},{"taxonomy":"product_tag","embeddable":true,"href":"https:\/\/claireambiance.com\/en\/wp-json\/wp\/v2\/product_tag?post=7981"}],"curies":[{"name":"wp","href":"https:\/\/api.w.org\/{rel}","templated":true}]}}