{"id":7990,"date":"2023-01-05T19:54:19","date_gmt":"2023-01-05T18:54:19","guid":{"rendered":"https:\/\/new.claireambiance.com\/?post_type=product&#038;p=7990"},"modified":"2023-02-10T20:53:33","modified_gmt":"2023-02-10T19:53:33","slug":"lampe-tulip","status":"publish","type":"product","link":"https:\/\/claireambiance.com\/en\/produit\/lampe-tulip\/","title":{"rendered":"LAMPE TULIP EN POLEASY\u00ae"},"content":{"rendered":"","protected":false},"excerpt":{"rendered":"<p>Avec la lampe Tulip, plus besoin de passer du temps dans votre jardin pour tenter d&#8217;avoir de belles fleurs. Avec cette splendide tulipe votre int\u00e9rieur comme votre ext\u00e9rieur seront fleuris toute l&#8217;ann\u00e9e !<\/p>\n","protected":false},"featured_media":7991,"template":"","meta":{"_acf_changed":false,"_et_pb_use_builder":"","_et_pb_old_content":"","_et_gb_content_width":"","_monsterinsights_skip_tracking":false,"_monsterinsights_sitenote_active":false,"_monsterinsights_sitenote_note":"","_monsterinsights_sitenote_category":0},"product_brand":[],"product_cat":[206,140],"product_tag":[562],"class_list":{"0":"post-7990","1":"product","2":"type-product","3":"status-publish","4":"has-post-thumbnail","6":"product_cat-lampadaires","7":"product_cat-luminaires","8":"product_tag-myyour","10":"first","11":"instock","12":"shipping-taxable","13":"purchasable","14":"product-type-variable"},"acf":[],"aioseo_notices":[],"_links":{"self":[{"href":"https:\/\/claireambiance.com\/en\/wp-json\/wp\/v2\/product\/7990","targetHints":{"allow":["GET"]}}],"collection":[{"href":"https:\/\/claireambiance.com\/en\/wp-json\/wp\/v2\/product"}],"about":[{"href":"https:\/\/claireambiance.com\/en\/wp-json\/wp\/v2\/types\/product"}],"wp:featuredmedia":[{"embeddable":true,"href":"https:\/\/claireambiance.com\/en\/wp-json\/wp\/v2\/media\/7991"}],"wp:attachment":[{"href":"https:\/\/claireambiance.com\/en\/wp-json\/wp\/v2\/media?parent=7990"}],"wp:term":[{"taxonomy":"product_brand","embeddable":true,"href":"https:\/\/claireambiance.com\/en\/wp-json\/wp\/v2\/product_brand?post=7990"},{"taxonomy":"product_cat","embeddable":true,"href":"https:\/\/claireambiance.com\/en\/wp-json\/wp\/v2\/product_cat?post=7990"},{"taxonomy":"product_tag","embeddable":true,"href":"https:\/\/claireambiance.com\/en\/wp-json\/wp\/v2\/product_tag?post=7990"}],"curies":[{"name":"wp","href":"https:\/\/api.w.org\/{rel}","templated":true}]}}